{"id":6935,"date":"2024-02-26T01:27:18","date_gmt":"2024-02-26T00:27:18","guid":{"rendered":"https:\/\/www.lovinit.sk\/information\/"},"modified":"2025-06-28T12:21:28","modified_gmt":"2025-06-28T10:21:28","slug":"information","status":"publish","type":"page","link":"https:\/\/www.lovinit.sk\/en\/information\/","title":{"rendered":"Information"},"content":{"rendered":"<p><section data-bb-version=\"4.9.1\" id=\"bt_bb_section69f16f8b54b2c\"  class=\"bt_bb_section bt_bb_layout_boxed_1200 bt_bb_vertical_align_top bt_bb_background_overlay_dark_solid bt_bb_top_spacing_large bt_bb_bottom_spacing_normal\"  data-bt-override-class=\"{&quot;bt_bb_top_spacing_&quot;:{&quot;current_class&quot;:&quot;bt_bb_top_spacing_large&quot;,&quot;def&quot;:&quot;large&quot;},&quot;bt_bb_bottom_spacing_&quot;:{&quot;current_class&quot;:&quot;bt_bb_bottom_spacing_normal&quot;,&quot;def&quot;:&quot;normal&quot;}}\"><div class=\"bt_bb_port\"><div class=\"bt_bb_cell\"><div class=\"bt_bb_cell_inner\"><div class=\"bt_bb_row \"  data-bt-override-class=\"{}\"><div class=\"bt_bb_row_holder\" ><div  class=\"bt_bb_column col-xxl-6 col-xl-6 bt_bb_vertical_align_top bt_bb_align_left bt_bb_padding_normal bt_bb_animation_fade_in animate bt_bb_shape_inherit\" style=\"; --column-width:6;\" data-width=\"6\" data-bt-override-class=\"{}\"><div class=\"bt_bb_column_content\"><div class=\"bt_bb_column_content_inner\"><div class=\"bt_bb_separator bt_bb_border_style_none bt_bb_top_spacing_large bt_bb_hidden_xs bt_bb_hidden_ms\" data-bt-override-class=\"null\"><\/div><header data-bb-version=\"4.9.1\" class=\"bt_bb_headline bt_bb_subheadline_text_transform_default bt_bb_color_scheme_1 bt_bb_dash_none bt_bb_size_extralarge bt_bb_align_inherit\" style=\"; --primary-color:#ffffff; --secondary-color:#191919;\" data-bt-override-class=\"{&quot;bt_bb_size_&quot;:{&quot;current_class&quot;:&quot;bt_bb_size_extralarge&quot;,&quot;def&quot;:&quot;extralarge&quot;},&quot;bt_bb_align_&quot;:{&quot;current_class&quot;:&quot;bt_bb_align_inherit&quot;,&quot;def&quot;:&quot;inherit&quot;}}\"><h1 class=\"bt_bb_headline_tag\"><span class=\"bt_bb_headline_content\"><span>Information<\/span><\/span><\/h1><\/header><\/div><\/div><\/div><div  class=\"bt_bb_column col-xxl-6 col-xl-6 bt_bb_vertical_align_top bt_bb_align_left bt_bb_padding_normal\" style=\"; --column-width:6;\" data-width=\"6\" data-bt-override-class=\"{}\"><div class=\"bt_bb_column_content\"><div class=\"bt_bb_column_content_inner\"><\/div><\/div><\/div><\/div><\/div><\/div><\/div><\/div><\/section><section data-bb-version=\"4.9.1\" id=\"bt_bb_section69f16f8b55093\"  class=\"bt_bb_section bt_bb_layout_boxed_1200 bt_bb_vertical_align_top bt_bb_top_spacing_large bt_bb_bottom_spacing_large\"  data-bt-override-class=\"{&quot;bt_bb_top_spacing_&quot;:{&quot;current_class&quot;:&quot;bt_bb_top_spacing_large&quot;,&quot;def&quot;:&quot;large&quot;},&quot;bt_bb_bottom_spacing_&quot;:{&quot;current_class&quot;:&quot;bt_bb_bottom_spacing_large&quot;,&quot;def&quot;:&quot;large&quot;}}\"><div class=\"bt_bb_port\"><div class=\"bt_bb_cell\"><div class=\"bt_bb_cell_inner\"><div class=\"bt_bb_row \"  data-bt-override-class=\"{}\"><div class=\"bt_bb_row_holder\" ><div data-bb-version=\"4.9.1\"  class=\"bt_bb_column col-xxl-12 col-xl-12 col-xs-12 col-sm-12 col-md-12 col-lg-12 bt_bb_vertical_align_top bt_bb_align_left bt_bb_padding_normal bt_bb_shape_inherit\" style=\"; --column-width:12;\" data-width=\"12\" data-bt-override-class=\"{}\"><div class=\"bt_bb_column_content\"><div class=\"bt_bb_column_content_inner\"><div data-bb-version=\"4.9.1\"  class=\"bt_bb_text\" ><\/p>\n<blockquote>\n<p>Choose the content you are interested in<\/p>\n<\/blockquote>\n<p>\n<\/div><div class=\"bt_bb_shortcode\"><div class=\"child-pages-grid\"><div class=\"child-pages-column\"><h3><a href=\"https:\/\/www.lovinit.sk\/en\/information\/2-of-taxes\/\">2% of taxes<\/a><\/h3><\/div><div class=\"child-pages-column\"><h3><a href=\"https:\/\/www.lovinit.sk\/en\/information\/confirmation-of-inclusion-of-the-private-elementary-school\/\">Confirmation of inclusion of the Private Elementary School<\/a><\/h3><\/div><\/div><\/div><\/div><\/div><\/div><\/div><\/div><\/div><\/div><\/div><\/section><\/p>\n","protected":false},"excerpt":{"rendered":"","protected":false},"author":1,"featured_media":0,"parent":0,"menu_order":0,"comment_status":"closed","ping_status":"closed","template":"","meta":{"footnotes":""},"class_list":["post-6935","page","type-page","status-publish","hentry"],"acf":[],"yoast_head":"<!-- This site is optimized with the Yoast SEO plugin v27.4 - https:\/\/yoast.com\/product\/yoast-seo-wordpress\/ -->\n<title>Information - LOVINIT<\/title>\n<meta name=\"robots\" content=\"index, follow, max-snippet:-1, max-image-preview:large, max-video-preview:-1\" \/>\n<link rel=\"canonical\" href=\"https:\/\/www.lovinit.sk\/en\/information\/\" \/>\n<meta property=\"og:locale\" content=\"en_US\" \/>\n<meta property=\"og:type\" content=\"article\" \/>\n<meta property=\"og:title\" content=\"Information - LOVINIT\" \/>\n<meta property=\"og:url\" content=\"https:\/\/www.lovinit.sk\/en\/information\/\" \/>\n<meta property=\"og:site_name\" content=\"LOVINIT\" \/>\n<meta property=\"article:modified_time\" content=\"2025-06-28T10:21:28+00:00\" \/>\n<meta name=\"twitter:card\" content=\"summary_large_image\" \/>\n<meta name=\"twitter:label1\" content=\"Est. reading time\" \/>\n\t<meta name=\"twitter:data1\" content=\"1 minute\" \/>\n<script type=\"application\/ld+json\" class=\"yoast-schema-graph\">{\"@context\":\"https:\\\/\\\/schema.org\",\"@graph\":[{\"@type\":\"WebPage\",\"@id\":\"https:\\\/\\\/www.lovinit.sk\\\/en\\\/information\\\/\",\"url\":\"https:\\\/\\\/www.lovinit.sk\\\/en\\\/information\\\/\",\"name\":\"Information - LOVINIT\",\"isPartOf\":{\"@id\":\"https:\\\/\\\/www.lovinit.sk\\\/en\\\/#website\"},\"datePublished\":\"2024-02-26T00:27:18+00:00\",\"dateModified\":\"2025-06-28T10:21:28+00:00\",\"breadcrumb\":{\"@id\":\"https:\\\/\\\/www.lovinit.sk\\\/en\\\/information\\\/#breadcrumb\"},\"inLanguage\":\"en-US\",\"potentialAction\":[{\"@type\":\"ReadAction\",\"target\":[\"https:\\\/\\\/www.lovinit.sk\\\/en\\\/information\\\/\"]}]},{\"@type\":\"BreadcrumbList\",\"@id\":\"https:\\\/\\\/www.lovinit.sk\\\/en\\\/information\\\/#breadcrumb\",\"itemListElement\":[{\"@type\":\"ListItem\",\"position\":1,\"name\":\"Domovsk\u00e1 str\u00e1nka\",\"item\":\"https:\\\/\\\/www.lovinit.sk\\\/en\\\/\"},{\"@type\":\"ListItem\",\"position\":2,\"name\":\"Information\"}]},{\"@type\":\"WebSite\",\"@id\":\"https:\\\/\\\/www.lovinit.sk\\\/en\\\/#website\",\"url\":\"https:\\\/\\\/www.lovinit.sk\\\/en\\\/\",\"name\":\"LOVINIT\",\"description\":\"Umeleck\u00e1 \u0161kola pre ml\u00e1de\u017e od 12 rokov\",\"potentialAction\":[{\"@type\":\"SearchAction\",\"target\":{\"@type\":\"EntryPoint\",\"urlTemplate\":\"https:\\\/\\\/www.lovinit.sk\\\/en\\\/?s={search_term_string}\"},\"query-input\":{\"@type\":\"PropertyValueSpecification\",\"valueRequired\":true,\"valueName\":\"search_term_string\"}}],\"inLanguage\":\"en-US\"}]}<\/script>\n<!-- \/ Yoast SEO plugin. -->","yoast_head_json":{"title":"Information - LOVINIT","robots":{"index":"index","follow":"follow","max-snippet":"max-snippet:-1","max-image-preview":"max-image-preview:large","max-video-preview":"max-video-preview:-1"},"canonical":"https:\/\/www.lovinit.sk\/en\/information\/","og_locale":"en_US","og_type":"article","og_title":"Information - LOVINIT","og_url":"https:\/\/www.lovinit.sk\/en\/information\/","og_site_name":"LOVINIT","article_modified_time":"2025-06-28T10:21:28+00:00","twitter_card":"summary_large_image","twitter_misc":{"Est. reading time":"1 minute"},"schema":{"@context":"https:\/\/schema.org","@graph":[{"@type":"WebPage","@id":"https:\/\/www.lovinit.sk\/en\/information\/","url":"https:\/\/www.lovinit.sk\/en\/information\/","name":"Information - LOVINIT","isPartOf":{"@id":"https:\/\/www.lovinit.sk\/en\/#website"},"datePublished":"2024-02-26T00:27:18+00:00","dateModified":"2025-06-28T10:21:28+00:00","breadcrumb":{"@id":"https:\/\/www.lovinit.sk\/en\/information\/#breadcrumb"},"inLanguage":"en-US","potentialAction":[{"@type":"ReadAction","target":["https:\/\/www.lovinit.sk\/en\/information\/"]}]},{"@type":"BreadcrumbList","@id":"https:\/\/www.lovinit.sk\/en\/information\/#breadcrumb","itemListElement":[{"@type":"ListItem","position":1,"name":"Domovsk\u00e1 str\u00e1nka","item":"https:\/\/www.lovinit.sk\/en\/"},{"@type":"ListItem","position":2,"name":"Information"}]},{"@type":"WebSite","@id":"https:\/\/www.lovinit.sk\/en\/#website","url":"https:\/\/www.lovinit.sk\/en\/","name":"LOVINIT","description":"Umeleck\u00e1 \u0161kola pre ml\u00e1de\u017e od 12 rokov","potentialAction":[{"@type":"SearchAction","target":{"@type":"EntryPoint","urlTemplate":"https:\/\/www.lovinit.sk\/en\/?s={search_term_string}"},"query-input":{"@type":"PropertyValueSpecification","valueRequired":true,"valueName":"search_term_string"}}],"inLanguage":"en-US"}]}},"_links":{"self":[{"href":"https:\/\/www.lovinit.sk\/en\/wp-json\/wp\/v2\/pages\/6935","targetHints":{"allow":["GET"]}}],"collection":[{"href":"https:\/\/www.lovinit.sk\/en\/wp-json\/wp\/v2\/pages"}],"about":[{"href":"https:\/\/www.lovinit.sk\/en\/wp-json\/wp\/v2\/types\/page"}],"author":[{"embeddable":true,"href":"https:\/\/www.lovinit.sk\/en\/wp-json\/wp\/v2\/users\/1"}],"replies":[{"embeddable":true,"href":"https:\/\/www.lovinit.sk\/en\/wp-json\/wp\/v2\/comments?post=6935"}],"version-history":[{"count":1,"href":"https:\/\/www.lovinit.sk\/en\/wp-json\/wp\/v2\/pages\/6935\/revisions"}],"predecessor-version":[{"id":6977,"href":"https:\/\/www.lovinit.sk\/en\/wp-json\/wp\/v2\/pages\/6935\/revisions\/6977"}],"wp:attachment":[{"href":"https:\/\/www.lovinit.sk\/en\/wp-json\/wp\/v2\/media?parent=6935"}],"curies":[{"name":"wp","href":"https:\/\/api.w.org\/{rel}","templated":true}]}}