{"id":6939,"date":"2019-04-22T08:44:25","date_gmt":"2019-04-22T06:44:25","guid":{"rendered":"https:\/\/www.lovinit.sk\/lovinit\/footer\/"},"modified":"2025-06-28T11:45:39","modified_gmt":"2025-06-28T09:45:39","slug":"footer","status":"publish","type":"page","link":"https:\/\/www.lovinit.sk\/en\/lovinit\/footer\/","title":{"rendered":"Footer"},"content":{"rendered":"<section data-bb-version=\"4.8.4\" id=\"bt_bb_section69f16f9ec9427\"  class=\"bt_bb_section bt_bb_color_scheme_1 bt_bb_layout_boxed_1200 bt_bb_vertical_align_top bt_bb_top_spacing_large bt_bb_bottom_spacing_medium\" style=\"; --section-primary-color:#ffffff; --section-secondary-color:#191919;\" data-bt-override-class=\"{&quot;bt_bb_top_spacing_&quot;:{&quot;current_class&quot;:&quot;bt_bb_top_spacing_large&quot;,&quot;def&quot;:&quot;large&quot;},&quot;bt_bb_bottom_spacing_&quot;:{&quot;current_class&quot;:&quot;bt_bb_bottom_spacing_medium&quot;,&quot;def&quot;:&quot;medium&quot;}}\"><div class=\"bt_bb_port\"><div class=\"bt_bb_cell\"><div class=\"bt_bb_cell_inner\"><div class=\"bt_bb_row  bt_bb_column_gap_40 bt_bb_shape_inherit\" style=\"; --column-gap:40px;\" data-bt-override-class=\"{}\"><div class=\"bt_bb_row_holder\" ><div  class=\"bt_bb_column col-xxl-3 col-xl-3 bt_bb_vertical_align_top bt_bb_align_left bt_bb_padding_normal bt_bb_animation_fade_in animate\" style=\"; --column-width:3;\" data-width=\"3\" data-bt-override-class=\"{}\"><div class=\"bt_bb_column_content\"><div class=\"bt_bb_column_content_inner\"><header data-bb-version=\"5.4.0\" class=\"bt_bb_headline bt_bb_color_scheme_4 bt_bb_dash_none bt_bb_size_small bt_bb_align_inherit\" style=\"; --primary-color:#ff5722; --secondary-color:#ffffff;\" data-bt-override-class=\"{&quot;bt_bb_size_&quot;:{&quot;current_class&quot;:&quot;bt_bb_size_small&quot;,&quot;def&quot;:&quot;small&quot;},&quot;bt_bb_align_&quot;:{&quot;current_class&quot;:&quot;bt_bb_align_inherit&quot;,&quot;def&quot;:&quot;inherit&quot;},&quot;bt_bb_animation_&quot;:{&quot;current_class&quot;:&quot;bt_bb_animation_no_animation&quot;,&quot;def&quot;:&quot;no_animation&quot;}}\"><h5 class=\"bt_bb_headline_tag\"><span class=\"bt_bb_headline_content\"><span>Contacts<\/span><\/span><\/h5><\/header><div class=\"bt_bb_separator bt_bb_border_style_none bt_bb_bottom_spacing_normal\" data-bt-override-class=\"null\"><\/div><div data-bb-version=\"5.4.0\" class=\"bt_bb_icon bt_bb_color_scheme_4 bt_bb_style_borderless bt_bb_size_xsmall bt_bb_shape_circle bt_bb_target_self bt_bb_align_inherit\" style=\"; --primary-color:#ff5722; --secondary-color:#ffffff;\" data-bt-override-class=\"{&quot;bt_bb_size_&quot;:{&quot;current_class&quot;:&quot;bt_bb_size_xsmall&quot;,&quot;def&quot;:&quot;xsmall&quot;},&quot;bt_bb_align_&quot;:{&quot;current_class&quot;:&quot;bt_bb_align_inherit&quot;,&quot;def&quot;:&quot;inherit&quot;},&quot;bt_bb_animation_&quot;:{&quot;current_class&quot;:&quot;bt_bb_animation_no_animation&quot;,&quot;def&quot;:&quot;no_animation&quot;}}\"><a href=\"#\"  target=\"_self\"  title=\"S\u00fakenn\u00edcka 4, Bratislava\"  data-ico-dripicons=\"&#xe970;\" class=\"bt_bb_icon_holder\"><span>S\u00fakenn\u00edcka 4, Bratislava<\/span><\/a><\/div><div class=\"bt_bb_separator bt_bb_border_style_none bt_bb_bottom_spacing_small\" data-bt-override-class=\"null\"><\/div><div data-bb-version=\"5.2.3\" class=\"bt_bb_icon bt_bb_color_scheme_4 bt_bb_style_borderless bt_bb_size_xsmall bt_bb_shape_circle bt_bb_target_self bt_bb_align_inherit\" style=\"; --primary-color:#ff5722; --secondary-color:#ffffff;\" data-bt-override-class=\"{&quot;bt_bb_size_&quot;:{&quot;current_class&quot;:&quot;bt_bb_size_xsmall&quot;,&quot;def&quot;:&quot;xsmall&quot;},&quot;bt_bb_align_&quot;:{&quot;current_class&quot;:&quot;bt_bb_align_inherit&quot;,&quot;def&quot;:&quot;inherit&quot;},&quot;bt_bb_animation_&quot;:{&quot;current_class&quot;:&quot;bt_bb_animation_no_animation&quot;,&quot;def&quot;:&quot;no_animation&quot;}}\"><a href=\"#\"  target=\"_self\"  title=\"+421 905 398 373\"  data-ico-dripicons=\"&#xe98e;\" class=\"bt_bb_icon_holder\"><span>+421 905 398 373<\/span><\/a><\/div><div class=\"bt_bb_separator bt_bb_border_style_none bt_bb_bottom_spacing_small\" data-bt-override-class=\"null\"><\/div><div data-bb-version=\"4.8.4\" class=\"bt_bb_icon bt_bb_color_scheme_4 bt_bb_style_borderless bt_bb_size_xsmall bt_bb_shape_circle bt_bb_target_self bt_bb_align_inherit\" style=\"; --primary-color:#ff5722; --secondary-color:#ffffff;\" data-bt-override-class=\"{&quot;bt_bb_size_&quot;:{&quot;current_class&quot;:&quot;bt_bb_size_xsmall&quot;,&quot;def&quot;:&quot;xsmall&quot;},&quot;bt_bb_align_&quot;:{&quot;current_class&quot;:&quot;bt_bb_align_inherit&quot;,&quot;def&quot;:&quot;inherit&quot;}}\"><a href=\"#\"  target=\"_self\"  title=\"Monday - Friday: 9:00 - 14:00\"  data-ico-dripicons=\"&#xe900;\" class=\"bt_bb_icon_holder\"><span>Monday - Friday: 9:00 - 14:00<\/span><\/a><\/div><div class=\"bt_bb_separator bt_bb_border_style_none bt_bb_bottom_spacing_normal\" data-bt-override-class=\"null\"><\/div><div data-bb-version=\"4.8.4\" class=\"bt_bb_icon bt_bb_color_scheme_6 bt_bb_style_borderless bt_bb_size_xsmall bt_bb_shape_circle bt_bb_target_blank bt_bb_text_empty bt_bb_align_inherit\" style=\"; --primary-color:#ffffff; --secondary-color:#ff5722;\" data-bt-override-class=\"{&quot;bt_bb_size_&quot;:{&quot;current_class&quot;:&quot;bt_bb_size_xsmall&quot;,&quot;def&quot;:&quot;xsmall&quot;},&quot;bt_bb_align_&quot;:{&quot;current_class&quot;:&quot;bt_bb_align_inherit&quot;,&quot;def&quot;:&quot;inherit&quot;}}\"><a href=\"https:\/\/www.instagram.com\/laportellask\/\"  target=\"_blank\"   data-ico-fontawesome=\"&#xf16d;\" class=\"bt_bb_icon_holder\"><\/a><\/div><div data-bb-version=\"4.8.4\" class=\"bt_bb_icon bt_bb_color_scheme_6 bt_bb_style_borderless bt_bb_size_xsmall bt_bb_shape_circle bt_bb_target_blank bt_bb_text_empty bt_bb_align_inherit\" style=\"; --primary-color:#ffffff; --secondary-color:#ff5722;\" data-bt-override-class=\"{&quot;bt_bb_size_&quot;:{&quot;current_class&quot;:&quot;bt_bb_size_xsmall&quot;,&quot;def&quot;:&quot;xsmall&quot;},&quot;bt_bb_align_&quot;:{&quot;current_class&quot;:&quot;bt_bb_align_inherit&quot;,&quot;def&quot;:&quot;inherit&quot;}}\"><a href=\"https:\/\/www.facebook.com\/DetskyLatinoSuborLaPortella\/\"  target=\"_blank\"   data-ico-fontawesome=\"&#xf09a;\" class=\"bt_bb_icon_holder\"><\/a><\/div><div data-bb-version=\"4.8.4\" class=\"bt_bb_icon bt_bb_color_scheme_6 bt_bb_style_borderless bt_bb_size_xsmall bt_bb_shape_circle bt_bb_target_blank bt_bb_text_empty bt_bb_align_inherit\" style=\"; --primary-color:#ffffff; --secondary-color:#ff5722;\" data-bt-override-class=\"{&quot;bt_bb_size_&quot;:{&quot;current_class&quot;:&quot;bt_bb_size_xsmall&quot;,&quot;def&quot;:&quot;xsmall&quot;},&quot;bt_bb_align_&quot;:{&quot;current_class&quot;:&quot;bt_bb_align_inherit&quot;,&quot;def&quot;:&quot;inherit&quot;}}\"><a href=\"https:\/\/www.youtube.com\/channel\/UCMrAcW5FZMCWc0Zp9zvHF_Q\"  target=\"_blank\"   data-ico-fontawesome=\"&#xf16a;\" class=\"bt_bb_icon_holder\"><\/a><\/div><div class=\"bt_bb_separator bt_bb_border_style_none bt_bb_bottom_spacing_medium\" data-bt-override-class=\"null\"><\/div><\/div><\/div><\/div><div  class=\"bt_bb_column col-xxl-3 col-xl-3 bt_bb_vertical_align_top bt_bb_align_left bt_bb_padding_normal bt_bb_animation_fade_in animate\" style=\"; --column-width:3;\" data-width=\"3\" data-bt-override-class=\"{}\"><div class=\"bt_bb_column_content\"><div class=\"bt_bb_column_content_inner\"><header data-bb-version=\"5.4.0\" class=\"bt_bb_headline bt_bb_color_scheme_4 bt_bb_dash_none bt_bb_size_small bt_bb_align_inherit\" style=\"; --primary-color:#ff5722; --secondary-color:#ffffff;\" data-bt-override-class=\"{&quot;bt_bb_size_&quot;:{&quot;current_class&quot;:&quot;bt_bb_size_small&quot;,&quot;def&quot;:&quot;small&quot;},&quot;bt_bb_align_&quot;:{&quot;current_class&quot;:&quot;bt_bb_align_inherit&quot;,&quot;def&quot;:&quot;inherit&quot;},&quot;bt_bb_animation_&quot;:{&quot;current_class&quot;:&quot;bt_bb_animation_no_animation&quot;,&quot;def&quot;:&quot;no_animation&quot;}}\"><h5 class=\"bt_bb_headline_tag\"><span class=\"bt_bb_headline_content\"><span>Quick links<\/span><\/span><\/h5><\/header><div class=\"bt_bb_separator bt_bb_border_style_none bt_bb_bottom_spacing_normal\" data-bt-override-class=\"null\"><\/div><div data-bb-version=\"4.9.1\" class=\"bt_bb_custom_menu bt_bb_direction_vertical\"><div class=\"menu-footer-rychle-linky-container\"><ul id=\"menu-footer-rychle-linky\" class=\"menu\"><li id=\"menu-item-4203\" class=\"menu-item menu-item-type-post_type menu-item-object-page menu-item-home menu-item-4203\"><a href=\"https:\/\/www.lovinit.sk\/lovinit\/\">LOVINIT<\/a><\/li>\n<li id=\"menu-item-4387\" class=\"menu-item menu-item-type-post_type menu-item-object-page menu-item-4387\"><a href=\"https:\/\/www.lovinit.sk\/lovinit-odbory\/\">LovinIt art disciplines<\/a><\/li>\n<li id=\"menu-item-4586\" class=\"menu-item menu-item-type-post_type menu-item-object-page menu-item-4586\"><a href=\"https:\/\/www.lovinit.sk\/moje-konto-szus-la-portella\/\">My account<\/a><\/li>\n<\/ul><\/div><\/div><div class=\"bt_bb_separator bt_bb_border_style_none bt_bb_bottom_spacing_medium\" data-bt-override-class=\"null\"><\/div><\/div><\/div><\/div><div  class=\"bt_bb_column col-xxl-3 col-xl-3 bt_bb_vertical_align_top bt_bb_align_left bt_bb_padding_normal bt_bb_animation_fade_in animate\" style=\"; --column-width:3;\" data-width=\"3\" data-bt-override-class=\"{}\"><div class=\"bt_bb_column_content\"><div class=\"bt_bb_column_content_inner\"><header data-bb-version=\"5.4.0\" class=\"bt_bb_headline bt_bb_color_scheme_4 bt_bb_dash_none bt_bb_size_small bt_bb_align_inherit\" style=\"; --primary-color:#ff5722; --secondary-color:#ffffff;\" data-bt-override-class=\"{&quot;bt_bb_size_&quot;:{&quot;current_class&quot;:&quot;bt_bb_size_small&quot;,&quot;def&quot;:&quot;small&quot;},&quot;bt_bb_align_&quot;:{&quot;current_class&quot;:&quot;bt_bb_align_inherit&quot;,&quot;def&quot;:&quot;inherit&quot;},&quot;bt_bb_animation_&quot;:{&quot;current_class&quot;:&quot;bt_bb_animation_no_animation&quot;,&quot;def&quot;:&quot;no_animation&quot;}}\"><h5 class=\"bt_bb_headline_tag\"><span class=\"bt_bb_headline_content\"><span>About us<\/span><\/span><\/h5><\/header><div class=\"bt_bb_separator bt_bb_border_style_none bt_bb_bottom_spacing_normal\" data-bt-override-class=\"null\"><\/div><div class=\"bt_bb_custom_menu bt_bb_direction_vertical\"><div class=\"menu-footer-o-nas-container\"><ul id=\"menu-footer-o-nas\" class=\"menu\"><li id=\"menu-item-4761\" class=\"menu-item menu-item-type-post_type menu-item-object-page menu-item-4761\"><a href=\"https:\/\/www.lovinit.sk\/kontakt\/\">Contact<\/a><\/li>\n<\/ul><\/div><\/div><div class=\"bt_bb_separator bt_bb_border_style_none bt_bb_bottom_spacing_medium\" data-bt-override-class=\"null\"><\/div><\/div><\/div><\/div><div  class=\"bt_bb_column col-xxl-3 col-xl-3 bt_bb_vertical_align_top bt_bb_align_left bt_bb_padding_normal bt_bb_animation_fade_in animate\" style=\"; --column-width:3;\" data-width=\"3\" data-bt-override-class=\"{}\"><div class=\"bt_bb_column_content\"><div class=\"bt_bb_column_content_inner\"><header data-bb-version=\"5.4.0\" class=\"bt_bb_headline bt_bb_color_scheme_4 bt_bb_dash_none bt_bb_size_small bt_bb_align_inherit\" style=\"; --primary-color:#ff5722; --secondary-color:#ffffff;\" data-bt-override-class=\"{&quot;bt_bb_size_&quot;:{&quot;current_class&quot;:&quot;bt_bb_size_small&quot;,&quot;def&quot;:&quot;small&quot;},&quot;bt_bb_align_&quot;:{&quot;current_class&quot;:&quot;bt_bb_align_inherit&quot;,&quot;def&quot;:&quot;inherit&quot;},&quot;bt_bb_animation_&quot;:{&quot;current_class&quot;:&quot;bt_bb_animation_no_animation&quot;,&quot;def&quot;:&quot;no_animation&quot;}}\"><h5 class=\"bt_bb_headline_tag\"><span class=\"bt_bb_headline_content\"><span>Newsletter<\/span><\/span><\/h5><\/header><div class=\"bt_bb_separator bt_bb_border_style_none bt_bb_bottom_spacing_45\" data-bt-override-class=\"null\"><\/div><div class=\"bt_bb_contact_form_7\">\n<div class=\"wpcf7 no-js\" id=\"wpcf7-f1292-o1\" lang=\"sk-SK\" dir=\"ltr\" data-wpcf7-id=\"1292\">\n<div class=\"screen-reader-response\"><p role=\"status\" aria-live=\"polite\" aria-atomic=\"true\"><\/p> <ul><\/ul><\/div>\n<form action=\"\/en\/wp-json\/wp\/v2\/pages\/6939#wpcf7-f1292-o1\" method=\"post\" class=\"wpcf7-form init\" aria-label=\"Kontaktn\u00fd formul\u00e1r\" novalidate=\"novalidate\" data-status=\"init\">\n<fieldset class=\"hidden-fields-container\"><input type=\"hidden\" name=\"_wpcf7\" value=\"1292\" \/><input type=\"hidden\" name=\"_wpcf7_version\" value=\"6.1.5\" \/><input type=\"hidden\" name=\"_wpcf7_locale\" value=\"sk_SK\" \/><input type=\"hidden\" name=\"_wpcf7_unit_tag\" value=\"wpcf7-f1292-o1\" \/><input type=\"hidden\" name=\"_wpcf7_container_post\" value=\"0\" \/><input type=\"hidden\" name=\"_wpcf7_posted_data_hash\" value=\"\" \/><input type=\"hidden\" name=\"_wpcf7_recaptcha_response\" value=\"\" \/>\n<\/fieldset>\n<div class=\"btNewsletter btLight\">\n\t<div class=\"btNewsletterColumn\">\n\t\t<p><span class=\"wpcf7-form-control-wrap\" data-name=\"your-email\"><input size=\"40\" maxlength=\"400\" class=\"wpcf7-form-control wpcf7-email wpcf7-validates-as-required wpcf7-text wpcf7-validates-as-email\" aria-required=\"true\" aria-invalid=\"false\" placeholder=\"V\u00e1\u0161 email\" value=\"\" type=\"email\" name=\"your-email\" \/><\/span>\n\t\t<\/p>\n\t<\/div>\n\t<div class=\"btNewsletterButton\">\n\t\t<p><input class=\"wpcf7-form-control wpcf7-submit has-spinner\" type=\"submit\" value=\"PRIHL\u00c1SI\u0164\" \/>\n\t\t<\/p>\n\t<\/div>\n<\/div><div class=\"wpcf7-response-output\" aria-hidden=\"true\"><\/div>\n<\/form>\n<\/div>\n<\/div><div class=\"bt_bb_separator bt_bb_border_style_none bt_bb_bottom_spacing_medium\" data-bt-override-class=\"null\"><\/div><\/div><\/div><\/div><\/div><\/div><\/div><\/div><\/div><\/section>\n","protected":false},"excerpt":{"rendered":"","protected":false},"author":1,"featured_media":0,"parent":6929,"menu_order":0,"comment_status":"closed","ping_status":"closed","template":"","meta":{"footnotes":""},"class_list":["post-6939","page","type-page","status-publish","hentry"],"acf":[],"yoast_head":"<!-- This site is optimized with the Yoast SEO plugin v27.4 - https:\/\/yoast.com\/product\/yoast-seo-wordpress\/ -->\n<title>Footer - LOVINIT<\/title>\n<meta name=\"robots\" content=\"index, follow, max-snippet:-1, max-image-preview:large, max-video-preview:-1\" \/>\n<link rel=\"canonical\" href=\"https:\/\/www.lovinit.sk\/en\/lovinit\/footer\/\" \/>\n<meta property=\"og:locale\" content=\"en_US\" \/>\n<meta property=\"og:type\" content=\"article\" \/>\n<meta property=\"og:title\" content=\"Footer - LOVINIT\" \/>\n<meta property=\"og:url\" content=\"https:\/\/www.lovinit.sk\/en\/lovinit\/footer\/\" \/>\n<meta property=\"og:site_name\" content=\"LOVINIT\" \/>\n<meta property=\"article:modified_time\" content=\"2025-06-28T09:45:39+00:00\" \/>\n<meta name=\"twitter:card\" content=\"summary_large_image\" \/>\n<meta name=\"twitter:label1\" content=\"Est. reading time\" \/>\n\t<meta name=\"twitter:data1\" content=\"1 minute\" \/>\n<script type=\"application\/ld+json\" class=\"yoast-schema-graph\">{\"@context\":\"https:\\\/\\\/schema.org\",\"@graph\":[{\"@type\":\"WebPage\",\"@id\":\"https:\\\/\\\/www.lovinit.sk\\\/en\\\/lovinit\\\/footer\\\/\",\"url\":\"https:\\\/\\\/www.lovinit.sk\\\/en\\\/lovinit\\\/footer\\\/\",\"name\":\"Footer - LOVINIT\",\"isPartOf\":{\"@id\":\"https:\\\/\\\/www.lovinit.sk\\\/en\\\/#website\"},\"datePublished\":\"2019-04-22T06:44:25+00:00\",\"dateModified\":\"2025-06-28T09:45:39+00:00\",\"breadcrumb\":{\"@id\":\"https:\\\/\\\/www.lovinit.sk\\\/en\\\/lovinit\\\/footer\\\/#breadcrumb\"},\"inLanguage\":\"en-US\",\"potentialAction\":[{\"@type\":\"ReadAction\",\"target\":[\"https:\\\/\\\/www.lovinit.sk\\\/en\\\/lovinit\\\/footer\\\/\"]}]},{\"@type\":\"BreadcrumbList\",\"@id\":\"https:\\\/\\\/www.lovinit.sk\\\/en\\\/lovinit\\\/footer\\\/#breadcrumb\",\"itemListElement\":[{\"@type\":\"ListItem\",\"position\":1,\"name\":\"Domovsk\u00e1 str\u00e1nka\",\"item\":\"https:\\\/\\\/www.lovinit.sk\\\/en\\\/\"},{\"@type\":\"ListItem\",\"position\":2,\"name\":\"LOVINIT\",\"item\":\"https:\\\/\\\/www.lovinit.sk\\\/en\\\/\"},{\"@type\":\"ListItem\",\"position\":3,\"name\":\"Footer\"}]},{\"@type\":\"WebSite\",\"@id\":\"https:\\\/\\\/www.lovinit.sk\\\/en\\\/#website\",\"url\":\"https:\\\/\\\/www.lovinit.sk\\\/en\\\/\",\"name\":\"LOVINIT\",\"description\":\"Umeleck\u00e1 \u0161kola pre ml\u00e1de\u017e od 12 rokov\",\"potentialAction\":[{\"@type\":\"SearchAction\",\"target\":{\"@type\":\"EntryPoint\",\"urlTemplate\":\"https:\\\/\\\/www.lovinit.sk\\\/en\\\/?s={search_term_string}\"},\"query-input\":{\"@type\":\"PropertyValueSpecification\",\"valueRequired\":true,\"valueName\":\"search_term_string\"}}],\"inLanguage\":\"en-US\"}]}<\/script>\n<!-- \/ Yoast SEO plugin. -->","yoast_head_json":{"title":"Footer - LOVINIT","robots":{"index":"index","follow":"follow","max-snippet":"max-snippet:-1","max-image-preview":"max-image-preview:large","max-video-preview":"max-video-preview:-1"},"canonical":"https:\/\/www.lovinit.sk\/en\/lovinit\/footer\/","og_locale":"en_US","og_type":"article","og_title":"Footer - LOVINIT","og_url":"https:\/\/www.lovinit.sk\/en\/lovinit\/footer\/","og_site_name":"LOVINIT","article_modified_time":"2025-06-28T09:45:39+00:00","twitter_card":"summary_large_image","twitter_misc":{"Est. reading time":"1 minute"},"schema":{"@context":"https:\/\/schema.org","@graph":[{"@type":"WebPage","@id":"https:\/\/www.lovinit.sk\/en\/lovinit\/footer\/","url":"https:\/\/www.lovinit.sk\/en\/lovinit\/footer\/","name":"Footer - LOVINIT","isPartOf":{"@id":"https:\/\/www.lovinit.sk\/en\/#website"},"datePublished":"2019-04-22T06:44:25+00:00","dateModified":"2025-06-28T09:45:39+00:00","breadcrumb":{"@id":"https:\/\/www.lovinit.sk\/en\/lovinit\/footer\/#breadcrumb"},"inLanguage":"en-US","potentialAction":[{"@type":"ReadAction","target":["https:\/\/www.lovinit.sk\/en\/lovinit\/footer\/"]}]},{"@type":"BreadcrumbList","@id":"https:\/\/www.lovinit.sk\/en\/lovinit\/footer\/#breadcrumb","itemListElement":[{"@type":"ListItem","position":1,"name":"Domovsk\u00e1 str\u00e1nka","item":"https:\/\/www.lovinit.sk\/en\/"},{"@type":"ListItem","position":2,"name":"LOVINIT","item":"https:\/\/www.lovinit.sk\/en\/"},{"@type":"ListItem","position":3,"name":"Footer"}]},{"@type":"WebSite","@id":"https:\/\/www.lovinit.sk\/en\/#website","url":"https:\/\/www.lovinit.sk\/en\/","name":"LOVINIT","description":"Umeleck\u00e1 \u0161kola pre ml\u00e1de\u017e od 12 rokov","potentialAction":[{"@type":"SearchAction","target":{"@type":"EntryPoint","urlTemplate":"https:\/\/www.lovinit.sk\/en\/?s={search_term_string}"},"query-input":{"@type":"PropertyValueSpecification","valueRequired":true,"valueName":"search_term_string"}}],"inLanguage":"en-US"}]}},"_links":{"self":[{"href":"https:\/\/www.lovinit.sk\/en\/wp-json\/wp\/v2\/pages\/6939","targetHints":{"allow":["GET"]}}],"collection":[{"href":"https:\/\/www.lovinit.sk\/en\/wp-json\/wp\/v2\/pages"}],"about":[{"href":"https:\/\/www.lovinit.sk\/en\/wp-json\/wp\/v2\/types\/page"}],"author":[{"embeddable":true,"href":"https:\/\/www.lovinit.sk\/en\/wp-json\/wp\/v2\/users\/1"}],"replies":[{"embeddable":true,"href":"https:\/\/www.lovinit.sk\/en\/wp-json\/wp\/v2\/comments?post=6939"}],"version-history":[{"count":1,"href":"https:\/\/www.lovinit.sk\/en\/wp-json\/wp\/v2\/pages\/6939\/revisions"}],"predecessor-version":[{"id":6962,"href":"https:\/\/www.lovinit.sk\/en\/wp-json\/wp\/v2\/pages\/6939\/revisions\/6962"}],"up":[{"embeddable":true,"href":"https:\/\/www.lovinit.sk\/en\/wp-json\/wp\/v2\/pages\/6929"}],"wp:attachment":[{"href":"https:\/\/www.lovinit.sk\/en\/wp-json\/wp\/v2\/media?parent=6939"}],"curies":[{"name":"wp","href":"https:\/\/api.w.org\/{rel}","templated":true}]}}