{"id":6940,"date":"2024-07-09T14:24:03","date_gmt":"2024-07-09T12:24:03","guid":{"rendered":"https:\/\/www.lovinit.sk\/lovinit-art-disciplines\/"},"modified":"2025-06-28T11:50:47","modified_gmt":"2025-06-28T09:50:47","slug":"lovinit-art-disciplines","status":"publish","type":"page","link":"https:\/\/www.lovinit.sk\/en\/lovinit-art-disciplines\/","title":{"rendered":"LovinIt art disciplines"},"content":{"rendered":"<p><section data-bb-version=\"5.3.4\" id=\"bt_bb_section69f170c72912c\" data-parallax=\"0.6\" data-parallax-offset=\"0\" data-background_image_src=\"'https:\/\/www.lovinit.sk\/wp-content\/uploads\/2025\/05\/hero-art-1.jpg'\" class=\"bt_bb_section bt_bb_color_scheme_1 bt_bb_layout_boxed_1200 bt_bb_vertical_align_top btLazyLoadBackground bt_bb_background_image bt_bb_parallax bt_bb_background_overlay_dark_solid bt_bb_top_spacing_large bt_bb_bottom_spacing_large\" style=\"background-image:url(&#039;https:\/\/www.lovinit.sk\/wp-content\/plugins\/bold-page-builder\/img\/blank.gif&#039;);; --section-primary-color:#ffffff; --section-secondary-color:#191919;\" data-bt-override-class=\"{&quot;bt_bb_top_spacing_&quot;:{&quot;current_class&quot;:&quot;bt_bb_top_spacing_large&quot;,&quot;def&quot;:&quot;large&quot;},&quot;bt_bb_bottom_spacing_&quot;:{&quot;current_class&quot;:&quot;bt_bb_bottom_spacing_large&quot;,&quot;def&quot;:&quot;large&quot;}}\"><div class=\"bt_bb_port\"><div class=\"bt_bb_cell\"><div class=\"bt_bb_cell_inner\"><div class=\"bt_bb_row \"  data-bt-override-class=\"{}\"><div class=\"bt_bb_row_holder\" ><div  class=\"bt_bb_column col-xxl-8 col-xl-8 bt_bb_vertical_align_top bt_bb_align_left bt_bb_padding_normal bt_bb_animation_fade_in animate bt_bb_shape_inherit\" style=\"; --column-width:8;\" data-width=\"8\" data-bt-override-class=\"{}\"><div class=\"bt_bb_column_content\"><div class=\"bt_bb_column_content_inner\"><div class=\"bt_bb_separator bt_bb_border_style_none bt_bb_top_spacing_large bt_bb_hidden_xs bt_bb_hidden_ms\" data-bt-override-class=\"null\"><\/div><header data-bb-version=\"5.3.4\" class=\"bt_bb_headline bt_bb_dash_none bt_bb_size_extralarge bt_bb_align_inherit\" data-bt-override-class=\"{&quot;bt_bb_size_&quot;:{&quot;current_class&quot;:&quot;bt_bb_size_extralarge&quot;,&quot;def&quot;:&quot;extralarge&quot;},&quot;bt_bb_align_&quot;:{&quot;current_class&quot;:&quot;bt_bb_align_inherit&quot;,&quot;def&quot;:&quot;inherit&quot;},&quot;bt_bb_animation_&quot;:{&quot;current_class&quot;:&quot;bt_bb_animation_no_animation&quot;,&quot;def&quot;:&quot;no_animation&quot;}}\"><h1 class=\"bt_bb_headline_tag\"><span class=\"bt_bb_headline_content\"><span>Private ZU\u0160 LovinIt<\/span><\/span><\/h1><\/header><\/div><\/div><\/div><div  class=\"bt_bb_column col-xxl-4 col-xl-4 bt_bb_vertical_align_top bt_bb_align_left bt_bb_padding_normal\" style=\"; --column-width:4;\" data-width=\"4\" data-bt-override-class=\"{}\"><div class=\"bt_bb_column_content\"><div class=\"bt_bb_column_content_inner\"><\/div><\/div><\/div><\/div><\/div><\/div><\/div><\/div><\/section><section data-bb-version=\"5.0.1\" id=\"bt_bb_section69f170c729560\"  class=\"bt_bb_section bt_bb_layout_boxed_1200 bt_bb_vertical_align_top bt_bb_top_spacing_large bt_bb_bottom_spacing_large\"  data-bt-override-class=\"{&quot;bt_bb_top_spacing_&quot;:{&quot;current_class&quot;:&quot;bt_bb_top_spacing_large&quot;,&quot;def&quot;:&quot;large&quot;},&quot;bt_bb_bottom_spacing_&quot;:{&quot;current_class&quot;:&quot;bt_bb_bottom_spacing_large&quot;,&quot;def&quot;:&quot;large&quot;}}\"><div class=\"bt_bb_port\"><div class=\"bt_bb_cell\"><div class=\"bt_bb_cell_inner\"><div data-bb-version=\"4.8.9\" class=\"bt_bb_row  bt_bb_column_gap_normal bt_bb_shape_inherit\"  data-bt-override-class=\"{}\"><div class=\"bt_bb_row_holder\" ><div data-bb-version=\"4.8.4\"  class=\"bt_bb_column col-xxl-12 col-xl-12 col-xs-12 col-sm-12 col-md-12 col-lg-12 bt_bb_vertical_align_middle bt_bb_align_left bt_bb_padding_normal bt_bb_animation_fade_in animate bt_bb_shape_inherit\" style=\"; --column-width:12;\" data-width=\"12\" data-bt-override-class=\"{&quot;bt_bb_align_&quot;:{&quot;current_class&quot;:&quot;bt_bb_align_left&quot;,&quot;def&quot;:&quot;left&quot;},&quot;bt_bb_padding_&quot;:{&quot;current_class&quot;:&quot;bt_bb_padding_normal&quot;,&quot;def&quot;:&quot;normal&quot;}}\"><div class=\"bt_bb_column_content\"><div class=\"bt_bb_column_content_inner\"><div data-bb-version=\"4.8.4\"  class=\"bt_bb_text\" ><\/p>\n<p class=\"gmail-\"><span class=\"gmail-relative gmail--mx-px gmail-my-&#091;-0.2rem&#093; gmail-rounded gmail-px-px gmail-py-&#091;0.2rem&#093; gmail-transition-colors gmail-duration-100 ease-in-out\">&#8220;LOVINIT ARTS SCHOOL is the new and modern name of La Portella Primary Art School, reflecting its ambition to become an inspiring and professional space for young musicians and artists.<\/span> <span class=\"gmail-relative gmail--mx-px gmail-my-&#091;-0.2rem&#093; gmail-rounded gmail-px-px gmail-py-&#091;0.2rem&#093; gmail-transition-colors gmail-duration-100 ease-in-out\">The name symbolises a passion for art and a love of creating, and the school focuses on fostering talent and creativity from childhood to professional level.<\/span><\/p>\n<h3 class=\"gmail-\">\ud83c\udfb6 What does LOVINIT ARTS SCHOOL offer?<\/h3>\n<ul>\n<li class=\"gmail-\">\n<p class=\"gmail-\"><strong>State-of-the-art facilities for musicians<\/strong>: the <span class=\"gmail-relative gmail--mx-px gmail-my-&#091;-0.2rem&#093; gmail-rounded gmail-px-px gmail-py-&#091;0.2rem&#093; gmail-transition-colors gmail-duration-100 ease-in-out\">new state-of-the-art classrooms, recording studios and rehearsal rooms are designed to meet the needs of both beginning and advanced musicians.<\/span><\/p>\n<\/li>\n<li class=\"gmail-\">\n<p class=\"gmail-\"><strong>Community and mentoring<\/strong>: <span class=\"gmail-relative gmail--mx-px gmail-my-&#091;-0.2rem&#093; gmail-rounded gmail-px-px gmail-py-&#091;0.2rem&#093; gmail-transition-colors gmail-duration-100 ease-in-out\">the school creates an environment where students feel at home, with an emphasis on individual attention and support from experienced educators.<\/span><\/p>\n<\/li>\n<li class=\"gmail-\">\n<p class=\"gmail-\"><strong>Preparing for a professional career<\/strong>: <span class=\"gmail-relative gmail--mx-px gmail-my-&#091;-0.2rem&#093; gmail-rounded gmail-px-px gmail-py-&#091;0.2rem&#093; gmail-transition-colors gmail-duration-100 ease-in-out\">The goal of the school is not only to develop artistic skills, but also to prepare students for successful careers in the professional art world.<\/span><\/p>\n<\/li>\n<\/ul>\n<div>LOVINIT ARTS SCHOOL is more than just a school &#8211; it&#8217;s a place where passion for art is born and where every talent can develop to its full potential.&#8221;<\/div>\n<p>&nbsp;<\/p>\n<p>We have been developing artistic sensitivity in children for several years within the framework of La Portella Dance School. In the school year 2025\/2026, we decided to expand our offer of artistic disciplines and founded the La Portella Private Primary Art School under the brand LOVINIT ARTS SCHOOL.<\/p>\n<p>Your child can study with us in four disciplines under the guidance of qualified teachers. In LOVINIT ARTS SCHOOL you can study:<\/p>\n<ul>\n<li><a href=\"https:\/\/www.lovinit.sk\/en\/lovinit-art-disciplines\/dance-department\/\">dance department<\/a>,<\/li>\n<li><a href=\"https:\/\/www.lovinit.sk\/en\/lovinit-art-disciplines\/literary-and-dramatic-department\/\">literary-dramatic department<\/a>,<\/li>\n<li><a href=\"https:\/\/www.lovinit.sk\/en\/lovinit-art-disciplines\/art-department\/\">art department<\/a>,<\/li>\n<li><a href=\"https:\/\/www.lovinit.sk\/en\/lovinit-art-disciplines\/music-department\/\">music department<\/a>\n<ul>\n<li>Guitar,<\/li>\n<li>piano,<\/li>\n<li>flute,<\/li>\n<li>Vocals.<\/li>\n<\/ul>\n<\/li>\n<\/ul>\n<p>We will prepare your child for the talent entrance exams for secondary school or develop their talent in the inspiring and artistic environment of our Private ZU\u0160.<\/p>\n<p>\n<\/div><div data-bb-version=\"5.0.1\" class=\"bt_bb_separator bt_bb_border_style_none bt_bb_top_spacing_none bt_bb_bottom_spacing_normal\" data-bt-override-class=\"{&quot;bt_bb_top_spacing_&quot;:{&quot;current_class&quot;:&quot;bt_bb_top_spacing_none&quot;,&quot;def&quot;:&quot;none&quot;},&quot;bt_bb_bottom_spacing_&quot;:{&quot;current_class&quot;:&quot;bt_bb_bottom_spacing_normal&quot;,&quot;def&quot;:&quot;normal&quot;}}\"><\/div><div data-bb-version=\"4.8.9\" class=\" bt_bb_row_inner bt_bb_shape_inherit\"   data-bt-override-class=\"{}\"><div class=\"bt_bb_row_inner_holder\"  ><div data-bb-version=\"4.8.9\"  class=\"bt_bb_column_inner col-xxl-6 col-xl-6 col-xs-12 col-sm-6 col-md-6 col-lg-6 bt_bb_vertical_align_top bt_bb_align_left bt_bb_padding_normal bt_bb_shape_inherit\"  data-width=\"6\" data-bt-override-class=\"{}\"><div class=\"bt_bb_column_inner_content\"><div class=\"bt_bb_column_inner_content_inner\"><div data-bb-version=\"5.3.4\" class=\"bt_bb_button bt_bb_color_scheme_5 bt_bb_icon_position_left bt_bb_style_filled bt_bb_size_medium bt_bb_width_inline bt_bb_shape_inherit bt_bb_target_self bt_bb_text_transform_inherit bt_bb_align_center\" style=\"; --primary-color:#191919; --secondary-color:#ff5722;\" data-bt-override-class=\"{&quot;bt_bb_size_&quot;:{&quot;current_class&quot;:&quot;bt_bb_size_medium&quot;,&quot;def&quot;:&quot;medium&quot;},&quot;bt_bb_align_&quot;:{&quot;current_class&quot;:&quot;bt_bb_align_center&quot;,&quot;def&quot;:&quot;center&quot;},&quot;bt_bb_animation_&quot;:{&quot;current_class&quot;:&quot;bt_bb_animation_no_animation&quot;,&quot;def&quot;:&quot;no_animation&quot;}}\"><a href=\"https:\/\/www.lovinit.sk\/en\/application-form\/\" target=\"_self\" class=\"bt_bb_link\" title=\"Inclusion in the Min. of Education network\"><span class=\"bt_bb_button_text\" >Inclusion in the Min. of Education network<\/span><\/a><\/div><\/div><\/div><\/div><div data-bb-version=\"4.8.9\"  class=\"bt_bb_column_inner col-xxl-6 col-xl-6 col-xs-12 col-sm-6 col-md-6 col-lg-6 bt_bb_vertical_align_top bt_bb_align_left bt_bb_padding_normal bt_bb_shape_inherit\"  data-width=\"6\" data-bt-override-class=\"{}\"><div class=\"bt_bb_column_inner_content\"><div class=\"bt_bb_column_inner_content_inner\"><div data-bb-version=\"5.3.4\" class=\"bt_bb_button bt_bb_color_scheme_5 bt_bb_icon_position_left bt_bb_style_filled bt_bb_size_medium bt_bb_width_inline bt_bb_shape_inherit bt_bb_target_self bt_bb_text_transform_inherit bt_bb_align_center\" style=\"; --primary-color:#191919; --secondary-color:#ff5722;\" data-bt-override-class=\"{&quot;bt_bb_size_&quot;:{&quot;current_class&quot;:&quot;bt_bb_size_medium&quot;,&quot;def&quot;:&quot;medium&quot;},&quot;bt_bb_align_&quot;:{&quot;current_class&quot;:&quot;bt_bb_align_center&quot;,&quot;def&quot;:&quot;center&quot;},&quot;bt_bb_animation_&quot;:{&quot;current_class&quot;:&quot;bt_bb_animation_no_animation&quot;,&quot;def&quot;:&quot;no_animation&quot;}}\"><a href=\"https:\/\/www.lovinit.sk\/en\/application-form\/\" target=\"_self\" class=\"bt_bb_link\" title=\"Application form\"><span class=\"bt_bb_button_text\" >Application form<\/span><\/a><\/div><\/div><\/div><\/div><\/div><\/div><\/div><\/div><\/div><\/div><\/div><\/div><\/div><\/div><\/section><section data-bb-version=\"5.0.1\" id=\"bt_bb_section69f170c729c52\"  class=\"bt_bb_section bt_bb_layout_boxed_1200 bt_bb_vertical_align_top bt_bb_top_spacing_none bt_bb_bottom_spacing_large\"  data-bt-override-class=\"{&quot;bt_bb_top_spacing_&quot;:{&quot;current_class&quot;:&quot;bt_bb_top_spacing_none&quot;,&quot;def&quot;:&quot;none&quot;},&quot;bt_bb_bottom_spacing_&quot;:{&quot;current_class&quot;:&quot;bt_bb_bottom_spacing_large&quot;,&quot;def&quot;:&quot;large&quot;}}\"><div class=\"bt_bb_port\"><div class=\"bt_bb_cell\"><div class=\"bt_bb_cell_inner\"><div data-bb-version=\"4.8.9\" class=\"bt_bb_row  bt_bb_column_gap_normal bt_bb_shape_inherit\"  data-bt-override-class=\"{}\"><div class=\"bt_bb_row_holder\" ><div data-bb-version=\"4.8.9\"  class=\"bt_bb_column col-xxl-6 col-xl-6 col-xs-12 col-sm-6 col-md-6 col-lg-6 bt_bb_vertical_align_top bt_bb_align_left bt_bb_padding_normal bt_bb_shape_inherit\" style=\"; --column-width:6;\" data-width=\"6\" data-bt-override-class=\"{}\"><div class=\"bt_bb_column_content\"><div class=\"bt_bb_column_content_inner\"><div data-bb-version=\"4.9.1\" class=\"bt_bb_video bt_bb_disable_controls_yes\"><div class=\"bt-video-container\"><div style=\"width: 100%;\" class=\"wp-video\"><video class=\"wp-video-shortcode\" id=\"video-6940-1\" width=\"640\" height=\"360\" preload=\"metadata\" controls=\"controls\"><source type=\"video\/youtube\" src=\"https:\/\/youtu.be\/1kl1Jik9XUg?_=1\" \/><a href=\"https:\/\/youtu.be\/1kl1Jik9XUg\">https:\/\/youtu.be\/1kl1Jik9XUg<\/a><\/video><\/div><\/div><\/div><div data-bb-version=\"4.8.9\" class=\"bt_bb_separator bt_bb_border_style_none bt_bb_top_spacing_normal bt_bb_bottom_spacing_none\" data-bt-override-class=\"{&quot;bt_bb_top_spacing_&quot;:{&quot;current_class&quot;:&quot;bt_bb_top_spacing_normal&quot;,&quot;def&quot;:&quot;normal&quot;},&quot;bt_bb_bottom_spacing_&quot;:{&quot;current_class&quot;:&quot;bt_bb_bottom_spacing_none&quot;,&quot;def&quot;:&quot;none&quot;}}\"><\/div><div data-bb-version=\"4.9.1\" class=\"bt_bb_video bt_bb_disable_controls_yes\"><div class=\"bt-video-container\"><div style=\"width: 100%;\" class=\"wp-video\"><video class=\"wp-video-shortcode\" id=\"video-6940-2\" width=\"640\" height=\"360\" preload=\"metadata\" controls=\"controls\"><source type=\"video\/youtube\" src=\"https:\/\/youtu.be\/eigTCVwMPkE?_=2\" \/><a href=\"https:\/\/youtu.be\/eigTCVwMPkE\">https:\/\/youtu.be\/eigTCVwMPkE<\/a><\/video><\/div><\/div><\/div><div data-bb-version=\"4.8.9\" class=\"bt_bb_separator bt_bb_border_style_none bt_bb_top_spacing_normal bt_bb_bottom_spacing_none\" data-bt-override-class=\"{&quot;bt_bb_top_spacing_&quot;:{&quot;current_class&quot;:&quot;bt_bb_top_spacing_normal&quot;,&quot;def&quot;:&quot;normal&quot;},&quot;bt_bb_bottom_spacing_&quot;:{&quot;current_class&quot;:&quot;bt_bb_bottom_spacing_none&quot;,&quot;def&quot;:&quot;none&quot;}}\"><\/div><div data-bb-version=\"4.9.1\" class=\"bt_bb_video bt_bb_disable_controls_yes\"><div class=\"bt-video-container\"><div style=\"width: 100%;\" class=\"wp-video\"><video class=\"wp-video-shortcode\" id=\"video-6940-3\" width=\"640\" height=\"360\" preload=\"metadata\" controls=\"controls\"><source type=\"video\/youtube\" src=\"https:\/\/youtu.be\/0vB5AOkBJPI?_=3\" \/><a href=\"https:\/\/youtu.be\/0vB5AOkBJPI\">https:\/\/youtu.be\/0vB5AOkBJPI<\/a><\/video><\/div><\/div><\/div><\/div><\/div><\/div><div data-bb-version=\"4.8.9\"  class=\"bt_bb_column col-xxl-6 col-xl-6 col-xs-12 col-sm-6 col-md-6 col-lg-6 bt_bb_vertical_align_top bt_bb_align_left bt_bb_padding_normal bt_bb_shape_inherit\" style=\"; --column-width:6;\" data-width=\"6\" data-bt-override-class=\"{}\"><div class=\"bt_bb_column_content\"><div class=\"bt_bb_column_content_inner\"><div data-bb-version=\"4.9.1\" class=\"bt_bb_video bt_bb_disable_controls_yes\"><div class=\"bt-video-container\"><div style=\"width: 100%;\" class=\"wp-video\"><video class=\"wp-video-shortcode\" id=\"video-6940-4\" width=\"640\" height=\"360\" preload=\"metadata\" controls=\"controls\"><source type=\"video\/youtube\" src=\"https:\/\/youtu.be\/eigTCVwMPkE?_=4\" \/><a href=\"https:\/\/youtu.be\/eigTCVwMPkE\">https:\/\/youtu.be\/eigTCVwMPkE<\/a><\/video><\/div><\/div><\/div><div data-bb-version=\"4.8.9\" class=\"bt_bb_separator bt_bb_border_style_none bt_bb_top_spacing_normal bt_bb_bottom_spacing_none\" data-bt-override-class=\"{&quot;bt_bb_top_spacing_&quot;:{&quot;current_class&quot;:&quot;bt_bb_top_spacing_normal&quot;,&quot;def&quot;:&quot;normal&quot;},&quot;bt_bb_bottom_spacing_&quot;:{&quot;current_class&quot;:&quot;bt_bb_bottom_spacing_none&quot;,&quot;def&quot;:&quot;none&quot;}}\"><\/div><div data-bb-version=\"4.9.1\" class=\"bt_bb_video bt_bb_disable_controls_yes\"><div class=\"bt-video-container\"><div style=\"width: 100%;\" class=\"wp-video\"><video class=\"wp-video-shortcode\" id=\"video-6940-5\" width=\"640\" height=\"360\" preload=\"metadata\" controls=\"controls\"><source type=\"video\/youtube\" src=\"https:\/\/youtu.be\/asDcg0q-VLY?_=5\" \/><a href=\"https:\/\/youtu.be\/asDcg0q-VLY\">https:\/\/youtu.be\/asDcg0q-VLY<\/a><\/video><\/div><\/div><\/div><div data-bb-version=\"4.8.9\" class=\"bt_bb_separator bt_bb_border_style_none bt_bb_top_spacing_normal bt_bb_bottom_spacing_none\" data-bt-override-class=\"{&quot;bt_bb_top_spacing_&quot;:{&quot;current_class&quot;:&quot;bt_bb_top_spacing_normal&quot;,&quot;def&quot;:&quot;normal&quot;},&quot;bt_bb_bottom_spacing_&quot;:{&quot;current_class&quot;:&quot;bt_bb_bottom_spacing_none&quot;,&quot;def&quot;:&quot;none&quot;}}\"><\/div><div data-bb-version=\"4.9.1\" class=\"bt_bb_video bt_bb_disable_controls_yes\"><div class=\"bt-video-container\"><div style=\"width: 100%;\" class=\"wp-video\"><video class=\"wp-video-shortcode\" id=\"video-6940-6\" width=\"640\" height=\"360\" preload=\"metadata\" controls=\"controls\"><source type=\"video\/youtube\" src=\"https:\/\/youtu.be\/owLvzDDekAQ?_=6\" \/><a href=\"https:\/\/youtu.be\/owLvzDDekAQ\">https:\/\/youtu.be\/owLvzDDekAQ<\/a><\/video><\/div><\/div><\/div><\/div><\/div><\/div><\/div><\/div><\/div><\/div><\/div><\/section><\/p>\n","protected":false},"excerpt":{"rendered":"","protected":false},"author":1,"featured_media":0,"parent":0,"menu_order":1,"comment_status":"closed","ping_status":"closed","template":"","meta":{"footnotes":""},"class_list":["post-6940","page","type-page","status-publish","hentry"],"acf":[],"yoast_head":"<!-- This site is optimized with the Yoast SEO plugin v27.4 - https:\/\/yoast.com\/product\/yoast-seo-wordpress\/ -->\n<title>LovinIt art disciplines - LOVINIT<\/title>\n<meta name=\"robots\" content=\"index, follow, max-snippet:-1, max-image-preview:large, max-video-preview:-1\" \/>\n<link rel=\"canonical\" href=\"https:\/\/www.lovinit.sk\/en\/lovinit-art-disciplines\/\" \/>\n<meta property=\"og:locale\" content=\"en_US\" \/>\n<meta property=\"og:type\" content=\"article\" \/>\n<meta property=\"og:title\" content=\"LovinIt art disciplines - LOVINIT\" \/>\n<meta property=\"og:url\" content=\"https:\/\/www.lovinit.sk\/en\/lovinit-art-disciplines\/\" \/>\n<meta property=\"og:site_name\" content=\"LOVINIT\" \/>\n<meta property=\"article:modified_time\" content=\"2025-06-28T09:50:47+00:00\" \/>\n<meta name=\"twitter:card\" content=\"summary_large_image\" \/>\n<meta name=\"twitter:label1\" content=\"Est. reading time\" \/>\n\t<meta name=\"twitter:data1\" content=\"4 minutes\" \/>\n<script type=\"application\/ld+json\" class=\"yoast-schema-graph\">{\"@context\":\"https:\\\/\\\/schema.org\",\"@graph\":[{\"@type\":\"WebPage\",\"@id\":\"https:\\\/\\\/www.lovinit.sk\\\/en\\\/lovinit-art-disciplines\\\/\",\"url\":\"https:\\\/\\\/www.lovinit.sk\\\/en\\\/lovinit-art-disciplines\\\/\",\"name\":\"LovinIt art disciplines - LOVINIT\",\"isPartOf\":{\"@id\":\"https:\\\/\\\/www.lovinit.sk\\\/en\\\/#website\"},\"datePublished\":\"2024-07-09T12:24:03+00:00\",\"dateModified\":\"2025-06-28T09:50:47+00:00\",\"breadcrumb\":{\"@id\":\"https:\\\/\\\/www.lovinit.sk\\\/en\\\/lovinit-art-disciplines\\\/#breadcrumb\"},\"inLanguage\":\"en-US\",\"potentialAction\":[{\"@type\":\"ReadAction\",\"target\":[\"https:\\\/\\\/www.lovinit.sk\\\/en\\\/lovinit-art-disciplines\\\/\"]}]},{\"@type\":\"BreadcrumbList\",\"@id\":\"https:\\\/\\\/www.lovinit.sk\\\/en\\\/lovinit-art-disciplines\\\/#breadcrumb\",\"itemListElement\":[{\"@type\":\"ListItem\",\"position\":1,\"name\":\"Domovsk\u00e1 str\u00e1nka\",\"item\":\"https:\\\/\\\/www.lovinit.sk\\\/en\\\/\"},{\"@type\":\"ListItem\",\"position\":2,\"name\":\"LovinIt art disciplines\"}]},{\"@type\":\"WebSite\",\"@id\":\"https:\\\/\\\/www.lovinit.sk\\\/en\\\/#website\",\"url\":\"https:\\\/\\\/www.lovinit.sk\\\/en\\\/\",\"name\":\"LOVINIT\",\"description\":\"Umeleck\u00e1 \u0161kola pre ml\u00e1de\u017e od 12 rokov\",\"potentialAction\":[{\"@type\":\"SearchAction\",\"target\":{\"@type\":\"EntryPoint\",\"urlTemplate\":\"https:\\\/\\\/www.lovinit.sk\\\/en\\\/?s={search_term_string}\"},\"query-input\":{\"@type\":\"PropertyValueSpecification\",\"valueRequired\":true,\"valueName\":\"search_term_string\"}}],\"inLanguage\":\"en-US\"}]}<\/script>\n<!-- \/ Yoast SEO plugin. -->","yoast_head_json":{"title":"LovinIt art disciplines - LOVINIT","robots":{"index":"index","follow":"follow","max-snippet":"max-snippet:-1","max-image-preview":"max-image-preview:large","max-video-preview":"max-video-preview:-1"},"canonical":"https:\/\/www.lovinit.sk\/en\/lovinit-art-disciplines\/","og_locale":"en_US","og_type":"article","og_title":"LovinIt art disciplines - LOVINIT","og_url":"https:\/\/www.lovinit.sk\/en\/lovinit-art-disciplines\/","og_site_name":"LOVINIT","article_modified_time":"2025-06-28T09:50:47+00:00","twitter_card":"summary_large_image","twitter_misc":{"Est. reading time":"4 minutes"},"schema":{"@context":"https:\/\/schema.org","@graph":[{"@type":"WebPage","@id":"https:\/\/www.lovinit.sk\/en\/lovinit-art-disciplines\/","url":"https:\/\/www.lovinit.sk\/en\/lovinit-art-disciplines\/","name":"LovinIt art disciplines - LOVINIT","isPartOf":{"@id":"https:\/\/www.lovinit.sk\/en\/#website"},"datePublished":"2024-07-09T12:24:03+00:00","dateModified":"2025-06-28T09:50:47+00:00","breadcrumb":{"@id":"https:\/\/www.lovinit.sk\/en\/lovinit-art-disciplines\/#breadcrumb"},"inLanguage":"en-US","potentialAction":[{"@type":"ReadAction","target":["https:\/\/www.lovinit.sk\/en\/lovinit-art-disciplines\/"]}]},{"@type":"BreadcrumbList","@id":"https:\/\/www.lovinit.sk\/en\/lovinit-art-disciplines\/#breadcrumb","itemListElement":[{"@type":"ListItem","position":1,"name":"Domovsk\u00e1 str\u00e1nka","item":"https:\/\/www.lovinit.sk\/en\/"},{"@type":"ListItem","position":2,"name":"LovinIt art disciplines"}]},{"@type":"WebSite","@id":"https:\/\/www.lovinit.sk\/en\/#website","url":"https:\/\/www.lovinit.sk\/en\/","name":"LOVINIT","description":"Umeleck\u00e1 \u0161kola pre ml\u00e1de\u017e od 12 rokov","potentialAction":[{"@type":"SearchAction","target":{"@type":"EntryPoint","urlTemplate":"https:\/\/www.lovinit.sk\/en\/?s={search_term_string}"},"query-input":{"@type":"PropertyValueSpecification","valueRequired":true,"valueName":"search_term_string"}}],"inLanguage":"en-US"}]}},"_links":{"self":[{"href":"https:\/\/www.lovinit.sk\/en\/wp-json\/wp\/v2\/pages\/6940","targetHints":{"allow":["GET"]}}],"collection":[{"href":"https:\/\/www.lovinit.sk\/en\/wp-json\/wp\/v2\/pages"}],"about":[{"href":"https:\/\/www.lovinit.sk\/en\/wp-json\/wp\/v2\/types\/page"}],"author":[{"embeddable":true,"href":"https:\/\/www.lovinit.sk\/en\/wp-json\/wp\/v2\/users\/1"}],"replies":[{"embeddable":true,"href":"https:\/\/www.lovinit.sk\/en\/wp-json\/wp\/v2\/comments?post=6940"}],"version-history":[{"count":2,"href":"https:\/\/www.lovinit.sk\/en\/wp-json\/wp\/v2\/pages\/6940\/revisions"}],"predecessor-version":[{"id":6965,"href":"https:\/\/www.lovinit.sk\/en\/wp-json\/wp\/v2\/pages\/6940\/revisions\/6965"}],"wp:attachment":[{"href":"https:\/\/www.lovinit.sk\/en\/wp-json\/wp\/v2\/media?parent=6940"}],"curies":[{"name":"wp","href":"https:\/\/api.w.org\/{rel}","templated":true}]}}