{"id":6942,"date":"2024-07-10T10:01:39","date_gmt":"2024-07-10T08:01:39","guid":{"rendered":"https:\/\/www.lovinit.sk\/lovinit-art-disciplines\/application-to-the-private-zus\/"},"modified":"2024-07-10T10:01:39","modified_gmt":"2024-07-10T08:01:39","slug":"application-to-the-private-zus","status":"publish","type":"page","link":"https:\/\/www.lovinit.sk\/en\/lovinit-art-disciplines\/application-to-the-private-zus\/","title":{"rendered":"Application to the Private ZU\u0160"},"content":{"rendered":"<p><section data-bb-version=\"4.8.4\" id=\"bt_bb_section69f85e8d56354\"  class=\"bt_bb_section bt_bb_color_scheme_1 bt_bb_layout_boxed_1200 bt_bb_vertical_align_top bt_bb_background_overlay_dark_solid bt_bb_top_spacing_large bt_bb_bottom_spacing_large\" style=\"; --section-primary-color:#ffffff; --section-secondary-color:#191919;\" data-bt-override-class=\"{&quot;bt_bb_top_spacing_&quot;:{&quot;current_class&quot;:&quot;bt_bb_top_spacing_large&quot;,&quot;def&quot;:&quot;large&quot;},&quot;bt_bb_bottom_spacing_&quot;:{&quot;current_class&quot;:&quot;bt_bb_bottom_spacing_large&quot;,&quot;def&quot;:&quot;large&quot;}}\"><div class=\"bt_bb_port\"><div class=\"bt_bb_cell\"><div class=\"bt_bb_cell_inner\"><div class=\"bt_bb_row \"  data-bt-override-class=\"{}\"><div class=\"bt_bb_row_holder\" ><div  class=\"bt_bb_column col-xxl-8 col-xl-8 bt_bb_vertical_align_top bt_bb_align_left bt_bb_padding_normal bt_bb_animation_fade_in animate bt_bb_shape_inherit\" style=\"; --column-width:8;\" data-width=\"8\" data-bt-override-class=\"{}\"><div class=\"bt_bb_column_content\"><div class=\"bt_bb_column_content_inner\"><div class=\"bt_bb_separator bt_bb_border_style_none bt_bb_top_spacing_large bt_bb_hidden_xs bt_bb_hidden_ms\" data-bt-override-class=\"null\"><\/div><header data-bb-version=\"5.0.1\" class=\"bt_bb_headline bt_bb_dash_none bt_bb_size_extralarge bt_bb_align_inherit\" data-bt-override-class=\"{&quot;bt_bb_size_&quot;:{&quot;current_class&quot;:&quot;bt_bb_size_extralarge&quot;,&quot;def&quot;:&quot;extralarge&quot;},&quot;bt_bb_align_&quot;:{&quot;current_class&quot;:&quot;bt_bb_align_inherit&quot;,&quot;def&quot;:&quot;inherit&quot;}}\"><h1 class=\"bt_bb_headline_tag\"><span class=\"bt_bb_headline_content\"><span>Prihl\u00e1\u0161ka do S\u00fakromnej ZU\u0160 La Portella<\/span><\/span><\/h1><\/header><\/div><\/div><\/div><div  class=\"bt_bb_column col-xxl-4 col-xl-4 bt_bb_vertical_align_top bt_bb_align_left bt_bb_padding_normal\" style=\"; --column-width:4;\" data-width=\"4\" data-bt-override-class=\"{}\"><div class=\"bt_bb_column_content\"><div class=\"bt_bb_column_content_inner\"><\/div><\/div><\/div><\/div><\/div><\/div><\/div><\/div><\/section><section data-bb-version=\"5.2.5\" id=\"bt_bb_section69f85e8d567ad\"  class=\"bt_bb_section bt_bb_layout_boxed_1200 bt_bb_vertical_align_top bt_bb_top_spacing_large bt_bb_bottom_spacing_large bt_bb_hidden_xs bt_bb_hidden_ms bt_bb_hidden_sm bt_bb_hidden_md bt_bb_hidden_lg bt_bb_hidden_xl\"  data-bt-override-class=\"{&quot;bt_bb_top_spacing_&quot;:{&quot;current_class&quot;:&quot;bt_bb_top_spacing_large&quot;,&quot;def&quot;:&quot;large&quot;},&quot;bt_bb_bottom_spacing_&quot;:{&quot;current_class&quot;:&quot;bt_bb_bottom_spacing_large&quot;,&quot;def&quot;:&quot;large&quot;}}\"><div class=\"bt_bb_port\"><div class=\"bt_bb_cell\"><div class=\"bt_bb_cell_inner\"><div class=\"bt_bb_row  bt_bb_column_gap_0 bt_bb_shape_inherit\" style=\"; --column-gap:0px;\" data-bt-override-class=\"{}\"><div class=\"bt_bb_row_holder\" ><div data-bb-version=\"4.8.4\"  class=\"bt_bb_column col-xxl-12 col-xl-12 col-xs-12 col-sm-12 col-md-12 col-lg-12 bt_bb_vertical_align_middle bt_bb_align_left bt_bb_padding_normal bt_bb_animation_fade_in animate bt_bb_shape_inherit\" style=\"; --column-width:12;\" data-width=\"12\" data-bt-override-class=\"{&quot;bt_bb_align_&quot;:{&quot;current_class&quot;:&quot;bt_bb_align_left&quot;,&quot;def&quot;:&quot;left&quot;},&quot;bt_bb_padding_&quot;:{&quot;current_class&quot;:&quot;bt_bb_padding_normal&quot;,&quot;def&quot;:&quot;normal&quot;}}\"><div class=\"bt_bb_column_content\"><div class=\"bt_bb_column_content_inner\"><div data-bb-version=\"4.8.4\"  class=\"bt_bb_text\" ><\/p>\n<p>Registration for La Portella Private Elementary School of the Arts is now closed for the 2024\/2025 school year. If you are looking for a dance school for your child, please use the <a href=\"https:\/\/www.laportella.sk\/vsetko-potrebne\/tanecna-skola\/prihlaska\/\">La Portella Dance School application form<\/a>. <\/p>\n<p>&nbsp;<\/p>\n<p>\n<\/div><\/div><\/div><\/div><\/div><\/div><\/div><\/div><\/div><\/section><section data-bb-version=\"5.2.5\" id=\"bt_bb_section69f85e8d56a42\"  class=\"bt_bb_section bt_bb_layout_boxed_1200 bt_bb_vertical_align_top bt_bb_top_spacing_large bt_bb_bottom_spacing_large\"  data-bt-override-class=\"{&quot;bt_bb_top_spacing_&quot;:{&quot;current_class&quot;:&quot;bt_bb_top_spacing_large&quot;,&quot;def&quot;:&quot;large&quot;},&quot;bt_bb_bottom_spacing_&quot;:{&quot;current_class&quot;:&quot;bt_bb_bottom_spacing_large&quot;,&quot;def&quot;:&quot;large&quot;}}\"><div class=\"bt_bb_port\"><div class=\"bt_bb_cell\"><div class=\"bt_bb_cell_inner\"><div class=\"bt_bb_row  bt_bb_column_gap_0 bt_bb_shape_inherit\" style=\"; --column-gap:0px;\" data-bt-override-class=\"{}\"><div class=\"bt_bb_row_holder\" ><div data-bb-version=\"5.2.6\"  class=\"bt_bb_column col-xxl-9 col-xl-9 col-xs-12 col-sm-12 col-md-12 col-lg-9 bt_bb_vertical_align_top bt_bb_align_left bt_bb_padding_normal bt_bb_animation_fade_in animate bt_bb_shape_inherit\" style=\"; --column-width:9;\" data-width=\"9\" data-bt-override-class=\"{&quot;bt_bb_align_&quot;:{&quot;current_class&quot;:&quot;bt_bb_align_left&quot;,&quot;def&quot;:&quot;left&quot;},&quot;bt_bb_padding_&quot;:{&quot;current_class&quot;:&quot;bt_bb_padding_normal&quot;,&quot;def&quot;:&quot;normal&quot;},&quot;bt_bb_animation_&quot;:{&quot;current_class&quot;:&quot;bt_bb_animation_fade_in animate&quot;,&quot;def&quot;:&quot;fade_in animate&quot;}}\"><div class=\"bt_bb_column_content\"><div class=\"bt_bb_column_content_inner\"><div data-bb-version=\"4.8.4\"  class=\"bt_bb_text\" ><\/p>\n<p>Applying to La Portella Private Primary Art School is easy. Follow these 3 steps: <\/p>\n<ol>\n<li>Choose an art major from the list,<\/li>\n<li>Fill in the registration form<\/li>\n<\/ol>\n<p>We offer modern and secure card payment, instant payment by bank transfer, via Viamo or via your internet banking.<\/p>\n<p>&nbsp;<\/p>\n<p>\n<\/div><header data-bb-version=\"5.2.5\" class=\"bt_bb_headline bt_bb_dash_none bt_bb_superheadline bt_bb_superheadline_outside bt_bb_subheadline bt_bb_size_inherit bt_bb_align_inherit\" data-bt-override-class=\"{&quot;bt_bb_size_&quot;:{&quot;current_class&quot;:&quot;bt_bb_size_inherit&quot;,&quot;def&quot;:&quot;inherit&quot;},&quot;bt_bb_align_&quot;:{&quot;current_class&quot;:&quot;bt_bb_align_inherit&quot;,&quot;def&quot;:&quot;inherit&quot;},&quot;bt_bb_animation_&quot;:{&quot;current_class&quot;:&quot;bt_bb_animation_no_animation&quot;,&quot;def&quot;:&quot;no_animation&quot;}}\"><div class=\"bt_bb_headline_superheadline_outside\"><span class=\"bt_bb_headline_superheadline\">\u0161kolsk\u00fd rok 2025\/2026<\/span><\/div><h1 class=\"bt_bb_headline_tag\"><span class=\"bt_bb_headline_content\"><span>Prihlasovac\u00ed formul\u00e1r<\/span><\/span><\/h1><div class=\"bt_bb_headline_subheadline\">Pre riadne prihl\u00e1senie \u017eiaka do S\u00fakromnej ZU\u0160 La Portella vypl\u0148te online prihlasovac\u00ed formul\u00e1r ni\u017e\u0161ie (za\u010dnite v\u00fdberom odboru) a stiahnite, vypl\u0148te a podp\u00ed\u0161te v\u0161etky \u0161tyri dokumenty, ktor\u00e9 s\u00fa k dispoz\u00edcii na stiahnutie pod formul\u00e1rom. Dokumenty mus\u00ed\/ia vlastnostu\u010dne podp\u00edsa\u0165 z\u00e1konn\u00fd z\u00e1stupca\/covia die\u0165a\u0165a. Po vyplnen\u00ed ich vytla\u010dte a doru\u010dte po\u0161tou alebo osobne na adresu La Portella, Koprivnick\u00e1 3401\/9E, Bratislava. \u010eakujeme.<\/div><\/header><div class=\"bt_bb_raw_content\"><script data-version='v1' data-widget-id='zooza' id='OqpEFt7isi' type='text\/javascript'>\n( function() {\nfunction async_load(){\n\tvar s = document.createElement('script'); s.type = 'text\/javascript'; s.async = true;\n\tvar url = 'https:\/\/api.zooza.app\/widgets\/v1\/';\n\ts.src = url + ( url.indexOf( '?' ) >= 0 ? '&' : '?' ) + 'ref=' + encodeURIComponent( window.location.href ) + '&type=registration_new';\n\tvar embedder = document.getElementById( 'OqpEFt7isi' );\n\tembedder.parentNode.insertBefore( s, embedder );\n}\nif ( window.attachEvent ) {\n\twindow.attachEvent( 'onload', async_load );\n} else {\n\twindow.addEventListener( 'load', async_load, false );\n}\n} )();\n<\/script><\/div><div data-bb-version=\"5.0.1\" class=\" bt_bb_row_inner bt_bb_shape_inherit\"   data-bt-override-class=\"{}\"><div class=\"bt_bb_row_inner_holder\"  ><div data-bb-version=\"5.0.1\"  class=\"bt_bb_column_inner col-xxl-6 col-xl-6 col-xs-12 col-sm-6 col-md-6 col-lg-6 bt_bb_vertical_align_top bt_bb_align_left bt_bb_padding_normal bt_bb_shape_inherit\"  data-width=\"6\" data-bt-override-class=\"{}\"><div class=\"bt_bb_column_inner_content\"><div class=\"bt_bb_column_inner_content_inner\"><div data-bb-version=\"5.2.5\" class=\"bt_bb_button bt_bb_color_scheme_5 bt_bb_icon_position_left bt_bb_style_filled bt_bb_size_large bt_bb_width_inline bt_bb_shape_inherit bt_bb_target_blank bt_bb_text_transform_inherit bt_bb_align_inherit\" style=\"; --primary-color:#191919; --secondary-color:#ff5722;\" data-bt-override-class=\"{&quot;bt_bb_size_&quot;:{&quot;current_class&quot;:&quot;bt_bb_size_large&quot;,&quot;def&quot;:&quot;large&quot;},&quot;bt_bb_align_&quot;:{&quot;current_class&quot;:&quot;bt_bb_align_inherit&quot;,&quot;def&quot;:&quot;inherit&quot;},&quot;bt_bb_animation_&quot;:{&quot;current_class&quot;:&quot;bt_bb_animation_no_animation&quot;,&quot;def&quot;:&quot;no_animation&quot;}}\"><a href=\"https:\/\/www.laportella.sk\/wp-content\/uploads\/2025\/01\/cestne-vyhlasenie-pre-zber-udajov-SZUS-laportella.doc\" target=\"_blank\" class=\"bt_bb_link\" title=\"Honorary Declaration\"><span class=\"bt_bb_button_text\" >Honorary Declaration<\/span><span  data-ico-fontawesome=\"&#xf1c2;\" class=\"bt_bb_icon_holder\"><\/span><\/a><\/div><\/div><\/div><\/div><div data-bb-version=\"5.0.1\"  class=\"bt_bb_column_inner col-xxl-6 col-xl-6 col-xs-12 col-sm-6 col-md-6 col-lg-6 bt_bb_vertical_align_top bt_bb_align_left bt_bb_padding_normal bt_bb_shape_inherit\"  data-width=\"6\" data-bt-override-class=\"{}\"><div class=\"bt_bb_column_inner_content\"><div class=\"bt_bb_column_inner_content_inner\"><div data-bb-version=\"5.0.1\" class=\"bt_bb_button bt_bb_color_scheme_5 bt_bb_icon_position_left bt_bb_style_filled bt_bb_size_large bt_bb_width_inline bt_bb_shape_inherit bt_bb_target_blank bt_bb_text_transform_inherit bt_bb_align_inherit\" style=\"; --primary-color:#191919; --secondary-color:#ff5722;\" data-bt-override-class=\"{&quot;bt_bb_size_&quot;:{&quot;current_class&quot;:&quot;bt_bb_size_large&quot;,&quot;def&quot;:&quot;large&quot;},&quot;bt_bb_align_&quot;:{&quot;current_class&quot;:&quot;bt_bb_align_inherit&quot;,&quot;def&quot;:&quot;inherit&quot;}}\"><a href=\"https:\/\/www.laportella.sk\/wp-content\/uploads\/2024\/07\/informovany-suhlas-zakonneho-zastupcu-SZUS-laportella.doc\" target=\"_blank\" class=\"bt_bb_link\" title=\"Informed consent\"><span class=\"bt_bb_button_text\" >Informed consent<\/span><span  data-ico-fontawesome=\"&#xf1c2;\" class=\"bt_bb_icon_holder\"><\/span><\/a><\/div><\/div><\/div><\/div><\/div><\/div><div data-bb-version=\"5.0.1\" class=\" bt_bb_row_inner bt_bb_shape_inherit\"   data-bt-override-class=\"{}\"><div class=\"bt_bb_row_inner_holder\"  ><div data-bb-version=\"5.0.1\"  class=\"bt_bb_column_inner col-xxl-6 col-xl-6 col-xs-12 col-sm-6 col-md-6 col-lg-6 bt_bb_vertical_align_top bt_bb_align_left bt_bb_padding_normal bt_bb_shape_inherit\"  data-width=\"6\" data-bt-override-class=\"{}\"><div class=\"bt_bb_column_inner_content\"><div class=\"bt_bb_column_inner_content_inner\"><div data-bb-version=\"5.0.1\" class=\"bt_bb_button bt_bb_color_scheme_5 bt_bb_icon_position_left bt_bb_style_filled bt_bb_size_large bt_bb_width_inline bt_bb_shape_inherit bt_bb_target_blank bt_bb_text_transform_inherit bt_bb_align_inherit\" style=\"; --primary-color:#191919; --secondary-color:#ff5722;\" data-bt-override-class=\"{&quot;bt_bb_size_&quot;:{&quot;current_class&quot;:&quot;bt_bb_size_large&quot;,&quot;def&quot;:&quot;large&quot;},&quot;bt_bb_align_&quot;:{&quot;current_class&quot;:&quot;bt_bb_align_inherit&quot;,&quot;def&quot;:&quot;inherit&quot;}}\"><a href=\"https:\/\/www.laportella.sk\/wp-content\/uploads\/2024\/07\/suhlas-so-spracovanim-osobnych-udajov-dotknutej-osoby-SZUS-laportella.doc\" target=\"_blank\" class=\"bt_bb_link\" title=\"Consent to process. axis. of data\"><span class=\"bt_bb_button_text\" >Consent to process. axis. of data<\/span><span  data-ico-fontawesome=\"&#xf1c2;\" class=\"bt_bb_icon_holder\"><\/span><\/a><\/div><\/div><\/div><\/div><div data-bb-version=\"5.0.1\"  class=\"bt_bb_column_inner col-xxl-6 col-xl-6 col-xs-12 col-sm-6 col-md-6 col-lg-6 bt_bb_vertical_align_top bt_bb_align_left bt_bb_padding_normal bt_bb_shape_inherit\"  data-width=\"6\" data-bt-override-class=\"{}\"><div class=\"bt_bb_column_inner_content\"><div class=\"bt_bb_column_inner_content_inner\"><div data-bb-version=\"5.0.1\" class=\"bt_bb_button bt_bb_color_scheme_5 bt_bb_icon_position_left bt_bb_style_filled bt_bb_size_large bt_bb_width_inline bt_bb_shape_inherit bt_bb_target_blank bt_bb_text_transform_inherit bt_bb_align_inherit\" style=\"; --primary-color:#191919; --secondary-color:#ff5722;\" data-bt-override-class=\"{&quot;bt_bb_size_&quot;:{&quot;current_class&quot;:&quot;bt_bb_size_large&quot;,&quot;def&quot;:&quot;large&quot;},&quot;bt_bb_align_&quot;:{&quot;current_class&quot;:&quot;bt_bb_align_inherit&quot;,&quot;def&quot;:&quot;inherit&quot;}}\"><a href=\"https:\/\/www.laportella.sk\/wp-content\/uploads\/2024\/07\/prihlaska-SZUS-laportella.pdf\" target=\"_blank\" class=\"bt_bb_link\" title=\"Application to SZU\u0160 La Portella\"><span class=\"bt_bb_button_text\" >Application to SZU\u0160 La Portella<\/span><span  data-ico-fontawesome=\"&#xf1c1;\" class=\"bt_bb_icon_holder\"><\/span><\/a><\/div><\/div><\/div><\/div><\/div><\/div><\/div><\/div><\/div><div data-bb-version=\"5.2.6\"  class=\"bt_bb_column col-xxl-3 col-xl-3 col-xs-12 col-sm-12 col-md-12 col-lg-3 bt_bb_vertical_align_top bt_bb_align_left bt_bb_padding_normal bt_bb_shape_inherit\" style=\"; --column-width:3;\" data-width=\"3\" data-bt-override-class=\"{}\"><div class=\"bt_bb_column_content\"><div class=\"bt_bb_column_content_inner\"><div data-bb-version=\"5.2.6\" class=\" bt_bb_row_inner bt_bb_shape_inherit\"   data-bt-override-class=\"{}\"><div class=\"bt_bb_row_inner_holder\"  ><div data-bb-version=\"5.2.6\"  class=\"bt_bb_column_inner col-xxl-12 col-xl-12 col-xs-12 col-sm-12 col-md-12 col-lg-12 bt_bb_vertical_align_top bt_bb_align_left bt_bb_padding_normal bt_bb_shape_inherit\"  data-width=\"12\" data-bt-override-class=\"{}\"><div class=\"bt_bb_column_inner_content\"><div class=\"bt_bb_column_inner_content_inner\"><\/div><\/div><\/div><\/div><\/div><div data-bb-version=\"5.2.6\" class=\" bt_bb_row_inner bt_bb_shape_inherit\"   data-bt-override-class=\"{}\"><div class=\"bt_bb_row_inner_holder\"  ><div data-bb-version=\"5.2.6\"  class=\"bt_bb_column_inner col-xxl-12 col-xl-12 col-xs-12 col-sm-12 col-md-12 col-lg-12 bt_bb_vertical_align_top bt_bb_align_left bt_bb_padding_normal bt_bb_shape_inherit\"  data-width=\"12\" data-bt-override-class=\"{}\"><div class=\"bt_bb_column_inner_content\"><div class=\"bt_bb_column_inner_content_inner\"><\/div><\/div><\/div><\/div><\/div><div data-bb-version=\"5.2.6\" class=\" bt_bb_row_inner bt_bb_shape_inherit\"   data-bt-override-class=\"{}\"><div class=\"bt_bb_row_inner_holder\"  ><div data-bb-version=\"5.2.6\"  class=\"bt_bb_column_inner col-xxl-12 col-xl-12 col-xs-12 col-sm-12 col-md-12 col-lg-12 bt_bb_vertical_align_top bt_bb_align_left bt_bb_padding_normal bt_bb_shape_inherit\"  data-width=\"12\" data-bt-override-class=\"{}\"><div class=\"bt_bb_column_inner_content\"><div class=\"bt_bb_column_inner_content_inner\"><\/div><\/div><\/div><\/div><\/div><div data-bb-version=\"5.2.6\" class=\" bt_bb_row_inner bt_bb_shape_inherit\"   data-bt-override-class=\"{}\"><div class=\"bt_bb_row_inner_holder\"  ><div data-bb-version=\"5.2.6\"  class=\"bt_bb_column_inner col-xxl-12 col-xl-12 col-xs-12 col-sm-12 col-md-12 col-lg-12 bt_bb_vertical_align_top bt_bb_align_left bt_bb_padding_normal bt_bb_shape_inherit\"  data-width=\"12\" data-bt-override-class=\"{}\"><div class=\"bt_bb_column_inner_content\"><div class=\"bt_bb_column_inner_content_inner\"><\/div><\/div><\/div><\/div><\/div><div data-bb-version=\"5.2.6\" class=\" bt_bb_row_inner bt_bb_shape_inherit\"   data-bt-override-class=\"{}\"><div class=\"bt_bb_row_inner_holder\"  ><div data-bb-version=\"5.2.6\"  class=\"bt_bb_column_inner col-xxl-12 col-xl-12 col-xs-12 col-sm-12 col-md-12 col-lg-12 bt_bb_vertical_align_top bt_bb_align_left bt_bb_padding_normal bt_bb_shape_inherit\"  data-width=\"12\" data-bt-override-class=\"{}\"><div class=\"bt_bb_column_inner_content\"><div class=\"bt_bb_column_inner_content_inner\"><\/div><\/div><\/div><\/div><\/div><\/div><\/div><\/div><\/div><\/div><\/div><\/div><\/div><\/section><\/p>\n","protected":false},"excerpt":{"rendered":"","protected":false},"author":1,"featured_media":0,"parent":6940,"menu_order":1,"comment_status":"closed","ping_status":"closed","template":"","meta":{"footnotes":""},"class_list":["post-6942","page","type-page","status-publish","hentry"],"acf":[],"yoast_head":"<!-- This site is optimized with the Yoast SEO plugin v27.4 - https:\/\/yoast.com\/product\/yoast-seo-wordpress\/ -->\n<title>Application to the Private ZU\u0160 - LOVINIT<\/title>\n<meta name=\"robots\" content=\"index, follow, max-snippet:-1, max-image-preview:large, max-video-preview:-1\" \/>\n<link rel=\"canonical\" href=\"https:\/\/www.lovinit.sk\/en\/lovinit-art-disciplines\/application-to-the-private-zus\/\" \/>\n<meta property=\"og:locale\" content=\"en_US\" \/>\n<meta property=\"og:type\" content=\"article\" \/>\n<meta property=\"og:title\" content=\"Application to the Private ZU\u0160 - LOVINIT\" \/>\n<meta property=\"og:url\" content=\"https:\/\/www.lovinit.sk\/en\/lovinit-art-disciplines\/application-to-the-private-zus\/\" \/>\n<meta property=\"og:site_name\" content=\"LOVINIT\" \/>\n<meta name=\"twitter:card\" content=\"summary_large_image\" \/>\n<meta name=\"twitter:label1\" content=\"Est. reading time\" \/>\n\t<meta name=\"twitter:data1\" content=\"10 minutes\" \/>\n<script type=\"application\/ld+json\" class=\"yoast-schema-graph\">{\"@context\":\"https:\\\/\\\/schema.org\",\"@graph\":[{\"@type\":\"WebPage\",\"@id\":\"https:\\\/\\\/www.lovinit.sk\\\/en\\\/lovinit-art-disciplines\\\/application-to-the-private-zus\\\/\",\"url\":\"https:\\\/\\\/www.lovinit.sk\\\/en\\\/lovinit-art-disciplines\\\/application-to-the-private-zus\\\/\",\"name\":\"Application to the Private ZU\u0160 - LOVINIT\",\"isPartOf\":{\"@id\":\"https:\\\/\\\/www.lovinit.sk\\\/en\\\/#website\"},\"datePublished\":\"2024-07-10T08:01:39+00:00\",\"breadcrumb\":{\"@id\":\"https:\\\/\\\/www.lovinit.sk\\\/en\\\/lovinit-art-disciplines\\\/application-to-the-private-zus\\\/#breadcrumb\"},\"inLanguage\":\"en-US\",\"potentialAction\":[{\"@type\":\"ReadAction\",\"target\":[\"https:\\\/\\\/www.lovinit.sk\\\/en\\\/lovinit-art-disciplines\\\/application-to-the-private-zus\\\/\"]}]},{\"@type\":\"BreadcrumbList\",\"@id\":\"https:\\\/\\\/www.lovinit.sk\\\/en\\\/lovinit-art-disciplines\\\/application-to-the-private-zus\\\/#breadcrumb\",\"itemListElement\":[{\"@type\":\"ListItem\",\"position\":1,\"name\":\"Domovsk\u00e1 str\u00e1nka\",\"item\":\"https:\\\/\\\/www.lovinit.sk\\\/en\\\/\"},{\"@type\":\"ListItem\",\"position\":2,\"name\":\"LovinIt art disciplines\",\"item\":\"https:\\\/\\\/www.lovinit.sk\\\/en\\\/lovinit-art-disciplines\\\/\"},{\"@type\":\"ListItem\",\"position\":3,\"name\":\"Application to the Private ZU\u0160\"}]},{\"@type\":\"WebSite\",\"@id\":\"https:\\\/\\\/www.lovinit.sk\\\/en\\\/#website\",\"url\":\"https:\\\/\\\/www.lovinit.sk\\\/en\\\/\",\"name\":\"LOVINIT\",\"description\":\"Umeleck\u00e1 \u0161kola pre ml\u00e1de\u017e od 12 rokov\",\"potentialAction\":[{\"@type\":\"SearchAction\",\"target\":{\"@type\":\"EntryPoint\",\"urlTemplate\":\"https:\\\/\\\/www.lovinit.sk\\\/en\\\/?s={search_term_string}\"},\"query-input\":{\"@type\":\"PropertyValueSpecification\",\"valueRequired\":true,\"valueName\":\"search_term_string\"}}],\"inLanguage\":\"en-US\"}]}<\/script>\n<!-- \/ Yoast SEO plugin. -->","yoast_head_json":{"title":"Application to the Private ZU\u0160 - LOVINIT","robots":{"index":"index","follow":"follow","max-snippet":"max-snippet:-1","max-image-preview":"max-image-preview:large","max-video-preview":"max-video-preview:-1"},"canonical":"https:\/\/www.lovinit.sk\/en\/lovinit-art-disciplines\/application-to-the-private-zus\/","og_locale":"en_US","og_type":"article","og_title":"Application to the Private ZU\u0160 - LOVINIT","og_url":"https:\/\/www.lovinit.sk\/en\/lovinit-art-disciplines\/application-to-the-private-zus\/","og_site_name":"LOVINIT","twitter_card":"summary_large_image","twitter_misc":{"Est. reading time":"10 minutes"},"schema":{"@context":"https:\/\/schema.org","@graph":[{"@type":"WebPage","@id":"https:\/\/www.lovinit.sk\/en\/lovinit-art-disciplines\/application-to-the-private-zus\/","url":"https:\/\/www.lovinit.sk\/en\/lovinit-art-disciplines\/application-to-the-private-zus\/","name":"Application to the Private ZU\u0160 - LOVINIT","isPartOf":{"@id":"https:\/\/www.lovinit.sk\/en\/#website"},"datePublished":"2024-07-10T08:01:39+00:00","breadcrumb":{"@id":"https:\/\/www.lovinit.sk\/en\/lovinit-art-disciplines\/application-to-the-private-zus\/#breadcrumb"},"inLanguage":"en-US","potentialAction":[{"@type":"ReadAction","target":["https:\/\/www.lovinit.sk\/en\/lovinit-art-disciplines\/application-to-the-private-zus\/"]}]},{"@type":"BreadcrumbList","@id":"https:\/\/www.lovinit.sk\/en\/lovinit-art-disciplines\/application-to-the-private-zus\/#breadcrumb","itemListElement":[{"@type":"ListItem","position":1,"name":"Domovsk\u00e1 str\u00e1nka","item":"https:\/\/www.lovinit.sk\/en\/"},{"@type":"ListItem","position":2,"name":"LovinIt art disciplines","item":"https:\/\/www.lovinit.sk\/en\/lovinit-art-disciplines\/"},{"@type":"ListItem","position":3,"name":"Application to the Private ZU\u0160"}]},{"@type":"WebSite","@id":"https:\/\/www.lovinit.sk\/en\/#website","url":"https:\/\/www.lovinit.sk\/en\/","name":"LOVINIT","description":"Umeleck\u00e1 \u0161kola pre ml\u00e1de\u017e od 12 rokov","potentialAction":[{"@type":"SearchAction","target":{"@type":"EntryPoint","urlTemplate":"https:\/\/www.lovinit.sk\/en\/?s={search_term_string}"},"query-input":{"@type":"PropertyValueSpecification","valueRequired":true,"valueName":"search_term_string"}}],"inLanguage":"en-US"}]}},"_links":{"self":[{"href":"https:\/\/www.lovinit.sk\/en\/wp-json\/wp\/v2\/pages\/6942","targetHints":{"allow":["GET"]}}],"collection":[{"href":"https:\/\/www.lovinit.sk\/en\/wp-json\/wp\/v2\/pages"}],"about":[{"href":"https:\/\/www.lovinit.sk\/en\/wp-json\/wp\/v2\/types\/page"}],"author":[{"embeddable":true,"href":"https:\/\/www.lovinit.sk\/en\/wp-json\/wp\/v2\/users\/1"}],"replies":[{"embeddable":true,"href":"https:\/\/www.lovinit.sk\/en\/wp-json\/wp\/v2\/comments?post=6942"}],"version-history":[{"count":0,"href":"https:\/\/www.lovinit.sk\/en\/wp-json\/wp\/v2\/pages\/6942\/revisions"}],"up":[{"embeddable":true,"href":"https:\/\/www.lovinit.sk\/en\/wp-json\/wp\/v2\/pages\/6940"}],"wp:attachment":[{"href":"https:\/\/www.lovinit.sk\/en\/wp-json\/wp\/v2\/media?parent=6942"}],"curies":[{"name":"wp","href":"https:\/\/api.w.org\/{rel}","templated":true}]}}