{"id":6944,"date":"2024-08-20T09:29:27","date_gmt":"2024-08-20T07:29:27","guid":{"rendered":"https:\/\/www.lovinit.sk\/lovinit-art-disciplines\/music-department\/"},"modified":"2025-06-28T12:13:37","modified_gmt":"2025-06-28T10:13:37","slug":"music-department","status":"publish","type":"page","link":"https:\/\/www.lovinit.sk\/en\/lovinit-art-disciplines\/music-department\/","title":{"rendered":"Music Department"},"content":{"rendered":"<p><section data-bb-version=\"5.3.4\" id=\"bt_bb_section69f170c711f8a\" data-parallax=\"0.6\" data-parallax-offset=\"0\" data-background_image_src=\"'https:\/\/www.lovinit.sk\/wp-content\/uploads\/2025\/05\/hero-music-2a.jpg'\" class=\"bt_bb_section bt_bb_color_scheme_1 bt_bb_layout_boxed_1200 bt_bb_vertical_align_top btLazyLoadBackground bt_bb_background_image bt_bb_parallax bt_bb_background_overlay_dark_solid bt_bb_top_spacing_large bt_bb_bottom_spacing_large\" style=\"background-image:url(&#039;https:\/\/www.lovinit.sk\/wp-content\/plugins\/bold-page-builder\/img\/blank.gif&#039;);; --section-primary-color:#ffffff; --section-secondary-color:#191919;\" data-bt-override-class=\"{&quot;bt_bb_top_spacing_&quot;:{&quot;current_class&quot;:&quot;bt_bb_top_spacing_large&quot;,&quot;def&quot;:&quot;large&quot;},&quot;bt_bb_bottom_spacing_&quot;:{&quot;current_class&quot;:&quot;bt_bb_bottom_spacing_large&quot;,&quot;def&quot;:&quot;large&quot;}}\"><div class=\"bt_bb_port\"><div class=\"bt_bb_cell\"><div class=\"bt_bb_cell_inner\"><div class=\"bt_bb_row \"  data-bt-override-class=\"{}\"><div class=\"bt_bb_row_holder\" ><div  class=\"bt_bb_column col-xxl-8 col-xl-8 bt_bb_vertical_align_top bt_bb_align_left bt_bb_padding_normal bt_bb_animation_fade_in animate bt_bb_shape_inherit\" style=\"; --column-width:8;\" data-width=\"8\" data-bt-override-class=\"{}\"><div class=\"bt_bb_column_content\"><div class=\"bt_bb_column_content_inner\"><div class=\"bt_bb_separator bt_bb_border_style_none bt_bb_top_spacing_large bt_bb_hidden_xs bt_bb_hidden_ms\" data-bt-override-class=\"null\"><\/div><header data-bb-version=\"5.3.4\" class=\"bt_bb_headline bt_bb_dash_none bt_bb_size_extralarge bt_bb_align_inherit\" data-bt-override-class=\"{&quot;bt_bb_size_&quot;:{&quot;current_class&quot;:&quot;bt_bb_size_extralarge&quot;,&quot;def&quot;:&quot;extralarge&quot;},&quot;bt_bb_align_&quot;:{&quot;current_class&quot;:&quot;bt_bb_align_inherit&quot;,&quot;def&quot;:&quot;inherit&quot;},&quot;bt_bb_animation_&quot;:{&quot;current_class&quot;:&quot;bt_bb_animation_no_animation&quot;,&quot;def&quot;:&quot;no_animation&quot;}}\"><h1 class=\"bt_bb_headline_tag\"><span class=\"bt_bb_headline_content\"><span>Music Department<\/span><\/span><\/h1><\/header><\/div><\/div><\/div><div  class=\"bt_bb_column col-xxl-4 col-xl-4 bt_bb_vertical_align_top bt_bb_align_left bt_bb_padding_normal\" style=\"; --column-width:4;\" data-width=\"4\" data-bt-override-class=\"{}\"><div class=\"bt_bb_column_content\"><div class=\"bt_bb_column_content_inner\"><\/div><\/div><\/div><\/div><\/div><\/div><\/div><\/div><\/section><section data-bb-version=\"4.9.1\" id=\"bt_bb_section69f170c71240b\"  class=\"bt_bb_section bt_bb_layout_boxed_1200 bt_bb_vertical_align_top bt_bb_top_spacing_large bt_bb_bottom_spacing_large\"  data-bt-override-class=\"{&quot;bt_bb_top_spacing_&quot;:{&quot;current_class&quot;:&quot;bt_bb_top_spacing_large&quot;,&quot;def&quot;:&quot;large&quot;},&quot;bt_bb_bottom_spacing_&quot;:{&quot;current_class&quot;:&quot;bt_bb_bottom_spacing_large&quot;,&quot;def&quot;:&quot;large&quot;}}\"><div class=\"bt_bb_port\"><div class=\"bt_bb_cell\"><div class=\"bt_bb_cell_inner\"><div class=\"bt_bb_row  bt_bb_column_gap_0 bt_bb_shape_inherit\" style=\"; --column-gap:0px;\" data-bt-override-class=\"{}\"><div class=\"bt_bb_row_holder\" ><div data-bb-version=\"4.8.4\"  class=\"bt_bb_column col-xxl-12 col-xl-12 col-xs-12 col-sm-12 col-md-12 col-lg-12 bt_bb_vertical_align_middle bt_bb_align_left bt_bb_padding_normal bt_bb_animation_fade_in animate bt_bb_shape_inherit\" style=\"; --column-width:12;\" data-width=\"12\" data-bt-override-class=\"{&quot;bt_bb_align_&quot;:{&quot;current_class&quot;:&quot;bt_bb_align_left&quot;,&quot;def&quot;:&quot;left&quot;},&quot;bt_bb_padding_&quot;:{&quot;current_class&quot;:&quot;bt_bb_padding_normal&quot;,&quot;def&quot;:&quot;normal&quot;}}\"><div class=\"bt_bb_column_content\"><div class=\"bt_bb_column_content_inner\"><div data-bb-version=\"4.8.4\"  class=\"bt_bb_text\" ><\/p>\n<p class=\"gmail-\"><span class=\"gmail-relative gmail--mx-px gmail-my-&#091;-0.2rem&#093; gmail-rounded gmail-px-px gmail-py-&#091;0.2rem&#093; gmail-transition-colors gmail-duration-100 ease-in-out\">&#8220;LOVINIT ARTS SCHOOL is the new and modern name of La Portella Primary Art School, reflecting its ambition to become an inspiring and professional space for young musicians and artists.<\/span> <span class=\"gmail-relative gmail--mx-px gmail-my-&#091;-0.2rem&#093; gmail-rounded gmail-px-px gmail-py-&#091;0.2rem&#093; gmail-transition-colors gmail-duration-100 ease-in-out\">The name symbolises a passion for art and a love of creating, and the school focuses on fostering talent and creativity from childhood to professional level.<\/span><\/p>\n<h3 class=\"gmail-\">\ud83c\udfb6 What does LOVINIT ARTS SCHOOL offer?<\/h3>\n<ul>\n<li class=\"gmail-\">\n<p class=\"gmail-\"><strong>State-of-the-art facilities for musicians<\/strong>: the <span class=\"gmail-relative gmail--mx-px gmail-my-&#091;-0.2rem&#093; gmail-rounded gmail-px-px gmail-py-&#091;0.2rem&#093; gmail-transition-colors gmail-duration-100 ease-in-out\">new state-of-the-art classrooms, recording studios and rehearsal rooms are designed to meet the needs of both beginning and advanced musicians.<\/span><\/p>\n<\/li>\n<li class=\"gmail-\">\n<p class=\"gmail-\"><strong>Community and mentoring<\/strong>: <span class=\"gmail-relative gmail--mx-px gmail-my-&#091;-0.2rem&#093; gmail-rounded gmail-px-px gmail-py-&#091;0.2rem&#093; gmail-transition-colors gmail-duration-100 ease-in-out\">the school creates an environment where students feel at home, with an emphasis on individual attention and support from experienced educators.<\/span><\/p>\n<\/li>\n<li class=\"gmail-\">\n<p class=\"gmail-\"><strong>Preparing for a professional career<\/strong>: <span class=\"gmail-relative gmail--mx-px gmail-my-&#091;-0.2rem&#093; gmail-rounded gmail-px-px gmail-py-&#091;0.2rem&#093; gmail-transition-colors gmail-duration-100 ease-in-out\">The goal of the school is not only to develop artistic skills, but also to prepare students for successful careers in the professional art world.<\/span><\/p>\n<\/li>\n<\/ul>\n<div>LOVINIT ARTS SCHOOL is more than just a school &#8211; it&#8217;s a place where passion for art is born and where every talent can develop to its full potential.&#8221;<\/div>\n<p>\n<\/div><div data-bb-version=\"5.3.5\" class=\"bt_bb_separator bt_bb_border_style_none bt_bb_top_spacing_normal bt_bb_bottom_spacing_none\" data-bt-override-class=\"{&quot;bt_bb_top_spacing_&quot;:{&quot;current_class&quot;:&quot;bt_bb_top_spacing_normal&quot;,&quot;def&quot;:&quot;normal&quot;},&quot;bt_bb_bottom_spacing_&quot;:{&quot;current_class&quot;:&quot;bt_bb_bottom_spacing_none&quot;,&quot;def&quot;:&quot;none&quot;}}\"><\/div><div data-bb-version=\"4.8.4\"  class=\"bt_bb_text\" ><\/p>\n<p>La Portella Private Primary Art School accepts children for preparatory studies ( from the 6th year) or immediately for the 1st year of studies, depending on the age and abilities of the pupil. The studies are divided into 2 parts with a total duration of 8 years.<\/p>\n<p><b>Level 1: <\/b><\/p>\n<p>Part 1 : a four-year course of study, culminating in a diploma,<\/p>\n<p>Part 2: a four-year course of study, culminating in graduation examinations with a final certificate of education.<\/p>\n<p><b>Level 2 education<\/b> with a total duration of 4 years.<\/p>\n<p>The number of lessons increases in each grade, in accordance with the development and artistic growth of your children.<\/p>\n<p>In addition to classical music, this major offers a wide range of other musical genres (jazz, musical, other popular genres as well as the study of music production for older students).<\/p>\n<p>We offer a wide range of study on various musical instruments, singing and composition.<\/p>\n<p>For the first two years, the children are primarily engaged in individual instrumental playing, focused on the development of specific instrumental or vocal abilities and skills, artistic talent. In this way they develop their emotionality, aesthetic sensitivity and personality.<\/p>\n<p>The study in the first two years is 70 minutes per week. Group music tuition of 1x 45 minutes per week is included.<\/p>\n<p>From the third year onwards, chamber or ensemble\/orchestra playing and other ensembles are added, as well as choral singing for 3.5 hours per week.<\/p>\n<p>Subjects of study in the music department:<\/p>\n<ul>\n<li>Singing<\/li>\n<li>Playing the piano \/keyboard<\/li>\n<li>Playing string instruments: violin, double bass<\/li>\n<li>Playing wind instruments: flute<\/li>\n<li>Playing guitar, electric guitar, bass guitar<\/li>\n<li>playing percussion instruments<\/li>\n<li>music production<\/li>\n<\/ul>\n<p>\n<\/div><div data-bb-version=\"5.0.3\" class=\"bt_bb_separator bt_bb_border_style_none bt_bb_top_spacing_none bt_bb_bottom_spacing_normal\" data-bt-override-class=\"{&quot;bt_bb_top_spacing_&quot;:{&quot;current_class&quot;:&quot;bt_bb_top_spacing_none&quot;,&quot;def&quot;:&quot;none&quot;},&quot;bt_bb_bottom_spacing_&quot;:{&quot;current_class&quot;:&quot;bt_bb_bottom_spacing_normal&quot;,&quot;def&quot;:&quot;normal&quot;}}\"><\/div><header data-bb-version=\"5.0.1\" class=\"bt_bb_headline bt_bb_dash_none bt_bb_subheadline bt_bb_size_inherit bt_bb_align_inherit\" data-bt-override-class=\"{&quot;bt_bb_size_&quot;:{&quot;current_class&quot;:&quot;bt_bb_size_inherit&quot;,&quot;def&quot;:&quot;inherit&quot;},&quot;bt_bb_align_&quot;:{&quot;current_class&quot;:&quot;bt_bb_align_inherit&quot;,&quot;def&quot;:&quot;inherit&quot;}}\"><h1 class=\"bt_bb_headline_tag\"><span class=\"bt_bb_headline_content\"><span>Application form<\/span><\/span><\/h1><div class=\"bt_bb_headline_subheadline\">To properly enroll a student at La Portella Private Elementary School, please complete the online enrollment form below (start by selecting a major) and download, complete, and sign all four documents available for download below the form. The documents must be signed by the child's legal guardian(s). Once completed, please print them out and deliver them by post or in person to La Portella, Koprivnick\u00e1 3401\/9E, Bratislava. Thank you.<\/div><\/header><div class=\"bt_bb_raw_content\"><script data-version='v1' data-widget-id='zooza' id='OqpEFt7isi' type='text\/javascript'>\n( function() {\nfunction async_load(){\n\tvar s = document.createElement('script'); s.type = 'text\/javascript'; s.async = true;\n\tvar url = 'https:\/\/api.zooza.app\/widgets\/v1\/';\n\ts.src = url + ( url.indexOf( '?' ) >= 0 ? '&' : '?' ) + 'ref=' + encodeURIComponent( window.location.href ) + '&type=registration_new';\n\tvar embedder = document.getElementById( 'OqpEFt7isi' );\n\tembedder.parentNode.insertBefore( s, embedder );\n}\nif ( window.attachEvent ) {\n\twindow.attachEvent( 'onload', async_load );\n} else {\n\twindow.addEventListener( 'load', async_load, false );\n}\n} )();\n<\/script><\/div><div data-bb-version=\"5.0.1\" class=\" bt_bb_row_inner bt_bb_shape_inherit\"   data-bt-override-class=\"{}\"><div class=\"bt_bb_row_inner_holder\"  ><div data-bb-version=\"5.0.1\"  class=\"bt_bb_column_inner col-xxl-3 col-xl-3 col-xs-12 col-sm-6 col-md-6 col-lg-3 bt_bb_vertical_align_top bt_bb_align_left bt_bb_padding_normal bt_bb_shape_inherit\"  data-width=\"3\" data-bt-override-class=\"{}\"><div class=\"bt_bb_column_inner_content\"><div class=\"bt_bb_column_inner_content_inner\"><div data-bb-version=\"5.0.1\" class=\"bt_bb_button bt_bb_color_scheme_5 bt_bb_icon_position_left bt_bb_style_filled bt_bb_size_large bt_bb_width_inline bt_bb_shape_inherit bt_bb_target_blank bt_bb_text_transform_inherit bt_bb_align_inherit\" style=\"; --primary-color:#191919; --secondary-color:#ff5722;\" data-bt-override-class=\"{&quot;bt_bb_size_&quot;:{&quot;current_class&quot;:&quot;bt_bb_size_large&quot;,&quot;def&quot;:&quot;large&quot;},&quot;bt_bb_align_&quot;:{&quot;current_class&quot;:&quot;bt_bb_align_inherit&quot;,&quot;def&quot;:&quot;inherit&quot;}}\"><a href=\"https:\/\/www.laportella.sk\/wp-content\/uploads\/2024\/07\/cestne-vyhlasenie-pre-zber-udajov-SZUS-laportella.doc\" target=\"_blank\" class=\"bt_bb_link\" title=\"Honorary Declaration\"><span class=\"bt_bb_button_text\" >Honorary Declaration<\/span><span  data-ico-fontawesome=\"&#xf1c2;\" class=\"bt_bb_icon_holder\"><\/span><\/a><\/div><\/div><\/div><\/div><div data-bb-version=\"5.0.1\"  class=\"bt_bb_column_inner col-xxl-3 col-xl-3 col-xs-12 col-sm-6 col-md-6 col-lg-3 bt_bb_vertical_align_top bt_bb_align_left bt_bb_padding_normal bt_bb_shape_inherit\"  data-width=\"3\" data-bt-override-class=\"{}\"><div class=\"bt_bb_column_inner_content\"><div class=\"bt_bb_column_inner_content_inner\"><div data-bb-version=\"5.0.1\" class=\"bt_bb_button bt_bb_color_scheme_5 bt_bb_icon_position_left bt_bb_style_filled bt_bb_size_large bt_bb_width_inline bt_bb_shape_inherit bt_bb_target_blank bt_bb_text_transform_inherit bt_bb_align_inherit\" style=\"; --primary-color:#191919; --secondary-color:#ff5722;\" data-bt-override-class=\"{&quot;bt_bb_size_&quot;:{&quot;current_class&quot;:&quot;bt_bb_size_large&quot;,&quot;def&quot;:&quot;large&quot;},&quot;bt_bb_align_&quot;:{&quot;current_class&quot;:&quot;bt_bb_align_inherit&quot;,&quot;def&quot;:&quot;inherit&quot;}}\"><a href=\"https:\/\/www.laportella.sk\/wp-content\/uploads\/2024\/07\/informovany-suhlas-zakonneho-zastupcu-SZUS-laportella.doc\" target=\"_blank\" class=\"bt_bb_link\" title=\"Informed consent\"><span class=\"bt_bb_button_text\" >Informed consent<\/span><span  data-ico-fontawesome=\"&#xf1c2;\" class=\"bt_bb_icon_holder\"><\/span><\/a><\/div><\/div><\/div><\/div><div data-bb-version=\"5.0.1\"  class=\"bt_bb_column_inner col-xxl-3 col-xl-3 col-xs-12 col-sm-6 col-md-6 col-lg-3 bt_bb_vertical_align_top bt_bb_align_left bt_bb_padding_normal bt_bb_shape_inherit\"  data-width=\"3\" data-bt-override-class=\"{}\"><div class=\"bt_bb_column_inner_content\"><div class=\"bt_bb_column_inner_content_inner\"><div data-bb-version=\"5.0.1\" class=\"bt_bb_button bt_bb_color_scheme_5 bt_bb_icon_position_left bt_bb_style_filled bt_bb_size_large bt_bb_width_inline bt_bb_shape_inherit bt_bb_target_blank bt_bb_text_transform_inherit bt_bb_align_inherit\" style=\"; --primary-color:#191919; --secondary-color:#ff5722;\" data-bt-override-class=\"{&quot;bt_bb_size_&quot;:{&quot;current_class&quot;:&quot;bt_bb_size_large&quot;,&quot;def&quot;:&quot;large&quot;},&quot;bt_bb_align_&quot;:{&quot;current_class&quot;:&quot;bt_bb_align_inherit&quot;,&quot;def&quot;:&quot;inherit&quot;}}\"><a href=\"https:\/\/www.laportella.sk\/wp-content\/uploads\/2024\/07\/suhlas-so-spracovanim-osobnych-udajov-dotknutej-osoby-SZUS-laportella.doc\" target=\"_blank\" class=\"bt_bb_link\" title=\"Consent to process. axis. of data\"><span class=\"bt_bb_button_text\" >Consent to process. axis. of data<\/span><span  data-ico-fontawesome=\"&#xf1c2;\" class=\"bt_bb_icon_holder\"><\/span><\/a><\/div><\/div><\/div><\/div><div data-bb-version=\"5.0.1\"  class=\"bt_bb_column_inner col-xxl-3 col-xl-3 col-xs-12 col-sm-6 col-md-6 col-lg-3 bt_bb_vertical_align_top bt_bb_align_left bt_bb_padding_normal bt_bb_shape_inherit\"  data-width=\"3\" data-bt-override-class=\"{}\"><div class=\"bt_bb_column_inner_content\"><div class=\"bt_bb_column_inner_content_inner\"><div data-bb-version=\"5.0.1\" class=\"bt_bb_button bt_bb_color_scheme_5 bt_bb_icon_position_left bt_bb_style_filled bt_bb_size_large bt_bb_width_inline bt_bb_shape_inherit bt_bb_target_blank bt_bb_text_transform_inherit bt_bb_align_inherit\" style=\"; --primary-color:#191919; --secondary-color:#ff5722;\" data-bt-override-class=\"{&quot;bt_bb_size_&quot;:{&quot;current_class&quot;:&quot;bt_bb_size_large&quot;,&quot;def&quot;:&quot;large&quot;},&quot;bt_bb_align_&quot;:{&quot;current_class&quot;:&quot;bt_bb_align_inherit&quot;,&quot;def&quot;:&quot;inherit&quot;}}\"><a href=\"https:\/\/www.laportella.sk\/wp-content\/uploads\/2024\/07\/prihlaska-SZUS-laportella.pdf\" target=\"_blank\" class=\"bt_bb_link\" title=\"Application to SZU\u0160 La Portella\"><span class=\"bt_bb_button_text\" >Application to SZU\u0160 La Portella<\/span><span  data-ico-fontawesome=\"&#xf1c1;\" class=\"bt_bb_icon_holder\"><\/span><\/a><\/div><\/div><\/div><\/div><\/div><\/div><\/div><\/div><\/div><\/div><\/div><\/div><\/div><\/div><\/section><\/p>\n","protected":false},"excerpt":{"rendered":"","protected":false},"author":1,"featured_media":0,"parent":6940,"menu_order":1,"comment_status":"closed","ping_status":"closed","template":"","meta":{"footnotes":""},"class_list":["post-6944","page","type-page","status-publish","hentry"],"acf":[],"yoast_head":"<!-- This site is optimized with the Yoast SEO plugin v27.4 - https:\/\/yoast.com\/product\/yoast-seo-wordpress\/ -->\n<title>Music Department - LOVINIT<\/title>\n<meta name=\"robots\" content=\"index, follow, max-snippet:-1, max-image-preview:large, max-video-preview:-1\" \/>\n<link rel=\"canonical\" href=\"https:\/\/www.lovinit.sk\/en\/lovinit-art-disciplines\/music-department\/\" \/>\n<meta property=\"og:locale\" content=\"en_US\" \/>\n<meta property=\"og:type\" content=\"article\" \/>\n<meta property=\"og:title\" content=\"Music Department - LOVINIT\" \/>\n<meta property=\"og:url\" content=\"https:\/\/www.lovinit.sk\/en\/lovinit-art-disciplines\/music-department\/\" \/>\n<meta property=\"og:site_name\" content=\"LOVINIT\" \/>\n<meta property=\"article:modified_time\" content=\"2025-06-28T10:13:37+00:00\" \/>\n<meta name=\"twitter:card\" content=\"summary_large_image\" \/>\n<meta name=\"twitter:label1\" content=\"Est. reading time\" \/>\n\t<meta name=\"twitter:data1\" content=\"6 minutes\" \/>\n<script type=\"application\/ld+json\" class=\"yoast-schema-graph\">{\"@context\":\"https:\\\/\\\/schema.org\",\"@graph\":[{\"@type\":\"WebPage\",\"@id\":\"https:\\\/\\\/www.lovinit.sk\\\/en\\\/lovinit-art-disciplines\\\/music-department\\\/\",\"url\":\"https:\\\/\\\/www.lovinit.sk\\\/en\\\/lovinit-art-disciplines\\\/music-department\\\/\",\"name\":\"Music Department - LOVINIT\",\"isPartOf\":{\"@id\":\"https:\\\/\\\/www.lovinit.sk\\\/en\\\/#website\"},\"datePublished\":\"2024-08-20T07:29:27+00:00\",\"dateModified\":\"2025-06-28T10:13:37+00:00\",\"breadcrumb\":{\"@id\":\"https:\\\/\\\/www.lovinit.sk\\\/en\\\/lovinit-art-disciplines\\\/music-department\\\/#breadcrumb\"},\"inLanguage\":\"en-US\",\"potentialAction\":[{\"@type\":\"ReadAction\",\"target\":[\"https:\\\/\\\/www.lovinit.sk\\\/en\\\/lovinit-art-disciplines\\\/music-department\\\/\"]}]},{\"@type\":\"BreadcrumbList\",\"@id\":\"https:\\\/\\\/www.lovinit.sk\\\/en\\\/lovinit-art-disciplines\\\/music-department\\\/#breadcrumb\",\"itemListElement\":[{\"@type\":\"ListItem\",\"position\":1,\"name\":\"Domovsk\u00e1 str\u00e1nka\",\"item\":\"https:\\\/\\\/www.lovinit.sk\\\/en\\\/\"},{\"@type\":\"ListItem\",\"position\":2,\"name\":\"LovinIt art disciplines\",\"item\":\"https:\\\/\\\/www.lovinit.sk\\\/en\\\/lovinit-art-disciplines\\\/\"},{\"@type\":\"ListItem\",\"position\":3,\"name\":\"Music Department\"}]},{\"@type\":\"WebSite\",\"@id\":\"https:\\\/\\\/www.lovinit.sk\\\/en\\\/#website\",\"url\":\"https:\\\/\\\/www.lovinit.sk\\\/en\\\/\",\"name\":\"LOVINIT\",\"description\":\"Umeleck\u00e1 \u0161kola pre ml\u00e1de\u017e od 12 rokov\",\"potentialAction\":[{\"@type\":\"SearchAction\",\"target\":{\"@type\":\"EntryPoint\",\"urlTemplate\":\"https:\\\/\\\/www.lovinit.sk\\\/en\\\/?s={search_term_string}\"},\"query-input\":{\"@type\":\"PropertyValueSpecification\",\"valueRequired\":true,\"valueName\":\"search_term_string\"}}],\"inLanguage\":\"en-US\"}]}<\/script>\n<!-- \/ Yoast SEO plugin. -->","yoast_head_json":{"title":"Music Department - LOVINIT","robots":{"index":"index","follow":"follow","max-snippet":"max-snippet:-1","max-image-preview":"max-image-preview:large","max-video-preview":"max-video-preview:-1"},"canonical":"https:\/\/www.lovinit.sk\/en\/lovinit-art-disciplines\/music-department\/","og_locale":"en_US","og_type":"article","og_title":"Music Department - LOVINIT","og_url":"https:\/\/www.lovinit.sk\/en\/lovinit-art-disciplines\/music-department\/","og_site_name":"LOVINIT","article_modified_time":"2025-06-28T10:13:37+00:00","twitter_card":"summary_large_image","twitter_misc":{"Est. reading time":"6 minutes"},"schema":{"@context":"https:\/\/schema.org","@graph":[{"@type":"WebPage","@id":"https:\/\/www.lovinit.sk\/en\/lovinit-art-disciplines\/music-department\/","url":"https:\/\/www.lovinit.sk\/en\/lovinit-art-disciplines\/music-department\/","name":"Music Department - LOVINIT","isPartOf":{"@id":"https:\/\/www.lovinit.sk\/en\/#website"},"datePublished":"2024-08-20T07:29:27+00:00","dateModified":"2025-06-28T10:13:37+00:00","breadcrumb":{"@id":"https:\/\/www.lovinit.sk\/en\/lovinit-art-disciplines\/music-department\/#breadcrumb"},"inLanguage":"en-US","potentialAction":[{"@type":"ReadAction","target":["https:\/\/www.lovinit.sk\/en\/lovinit-art-disciplines\/music-department\/"]}]},{"@type":"BreadcrumbList","@id":"https:\/\/www.lovinit.sk\/en\/lovinit-art-disciplines\/music-department\/#breadcrumb","itemListElement":[{"@type":"ListItem","position":1,"name":"Domovsk\u00e1 str\u00e1nka","item":"https:\/\/www.lovinit.sk\/en\/"},{"@type":"ListItem","position":2,"name":"LovinIt art disciplines","item":"https:\/\/www.lovinit.sk\/en\/lovinit-art-disciplines\/"},{"@type":"ListItem","position":3,"name":"Music Department"}]},{"@type":"WebSite","@id":"https:\/\/www.lovinit.sk\/en\/#website","url":"https:\/\/www.lovinit.sk\/en\/","name":"LOVINIT","description":"Umeleck\u00e1 \u0161kola pre ml\u00e1de\u017e od 12 rokov","potentialAction":[{"@type":"SearchAction","target":{"@type":"EntryPoint","urlTemplate":"https:\/\/www.lovinit.sk\/en\/?s={search_term_string}"},"query-input":{"@type":"PropertyValueSpecification","valueRequired":true,"valueName":"search_term_string"}}],"inLanguage":"en-US"}]}},"_links":{"self":[{"href":"https:\/\/www.lovinit.sk\/en\/wp-json\/wp\/v2\/pages\/6944","targetHints":{"allow":["GET"]}}],"collection":[{"href":"https:\/\/www.lovinit.sk\/en\/wp-json\/wp\/v2\/pages"}],"about":[{"href":"https:\/\/www.lovinit.sk\/en\/wp-json\/wp\/v2\/types\/page"}],"author":[{"embeddable":true,"href":"https:\/\/www.lovinit.sk\/en\/wp-json\/wp\/v2\/users\/1"}],"replies":[{"embeddable":true,"href":"https:\/\/www.lovinit.sk\/en\/wp-json\/wp\/v2\/comments?post=6944"}],"version-history":[{"count":2,"href":"https:\/\/www.lovinit.sk\/en\/wp-json\/wp\/v2\/pages\/6944\/revisions"}],"predecessor-version":[{"id":6970,"href":"https:\/\/www.lovinit.sk\/en\/wp-json\/wp\/v2\/pages\/6944\/revisions\/6970"}],"up":[{"embeddable":true,"href":"https:\/\/www.lovinit.sk\/en\/wp-json\/wp\/v2\/pages\/6940"}],"wp:attachment":[{"href":"https:\/\/www.lovinit.sk\/en\/wp-json\/wp\/v2\/media?parent=6944"}],"curies":[{"name":"wp","href":"https:\/\/api.w.org\/{rel}","templated":true}]}}